{"id":1017,"date":"2022-05-27T15:43:08","date_gmt":"2022-05-27T13:43:08","guid":{"rendered":"https:\/\/demo.aipe.biz\/economia-circolare\/?page_id=1017"},"modified":"2022-06-13T10:50:41","modified_gmt":"2022-06-13T08:50:41","slug":"il-circuito-della-distribuzione","status":"publish","type":"page","link":"https:\/\/www.aipe.biz\/economia-circolare\/il-circuito-della-distribuzione\/","title":{"rendered":"Il circuito della distribuzione"},"content":{"rendered":"\n<h3 style=\"font-size:24px\"><strong><strong>LA RACCOLTA E IL RICICLO DELLE CASSETTE IN EPS A FINE VITA IMPIEGATE NEL SETTORE DEL COMMERCIO E DELLA DISTRIBUZIONE DEL PESCE FRESCO <\/strong><\/strong><\/h3>\n\n\n\n<figure class=\"wp-block-image size-full\"><img loading=\"lazy\" width=\"1024\" height=\"445\" src=\"https:\/\/www.aipe.biz\/economia-circolare\/wp-content\/uploads\/sites\/5\/2022\/06\/AIPE_assoittica.jpg\" alt=\"\" class=\"wp-image-1290\" srcset=\"https:\/\/www.aipe.biz\/economia-circolare\/wp-content\/uploads\/sites\/5\/2022\/06\/AIPE_assoittica.jpg 1024w, https:\/\/www.aipe.biz\/economia-circolare\/wp-content\/uploads\/sites\/5\/2022\/06\/AIPE_assoittica-300x130.jpg 300w, https:\/\/www.aipe.biz\/economia-circolare\/wp-content\/uploads\/sites\/5\/2022\/06\/AIPE_assoittica-768x334.jpg 768w\" sizes=\"(max-width: 706px) 89vw, (max-width: 767px) 82vw, 740px\" \/><\/figure>\n\n\n\n<p class=\"has-medium-font-size\">Tra i settori che fanno maggiore utilizzo delle cassette in polistirolo o EPS c&#8217;\u00e8 quello del commercio e della distribuzione del pesce fresco, dove questo tipo di imballaggio \u00e8 di gran lunga il pi\u00f9 utilizzato.<\/p>\n\n\n\n<p class=\"has-medium-font-size\">Senza le cassette in EPS sarebbe oggi impossibile avere pesce fresco e perfettamente conservato fino al consumatore; le propriet\u00e0 uniche del materiale sono infatti garanzia di sicurezza igienica, impermeabilit\u00e0 e di isolamento termico ottimale, caratteristica fondamentale per mantenere la temperatura di conservazione costante anche per lunghi tempi e fattore imprescindibile per garantire la freschezza del pesce fino alla consegna, contenendo in modo significativo lo spreco alimentare.<\/p>\n\n\n\n<p class=\"has-medium-font-size\">Recuperabili e riciclabili, le cassette per il pesce in polistirolo vengono impiegate per il confezionamento e la conservazione del pescato una volta sbarcato e durante il trasporto e la distribuzione a grossisti, mercati del pesce e GDO.<\/p>\n\n\n\n<p class=\"has-medium-font-size\">L\u2019EPS \u00e8 infatti un materiale che si ricicla al 100% e infinite volte e proprio nell\u2019ottica di potenziare sostenibilit\u00e0 e riciclo in un settore in cui il polistirolo vede un impiego significativo, AIPE ha siglato un protocollo d\u2019intesa con ASSOITTICA &#8211; Associazione Nazionale delle Aziende Ittiche \u2013 che favorisce lo scambio di conoscenze e competenze in tema di riciclo e sostenibilit\u00e0, ed un recupero mirato delle cassette in EPS dopo il loro utilizzo, evitando che il polistirolo diventi un rifiuto.<\/p>\n\n\n\n<p class=\"has-medium-font-size\">In particolare la collaborazione delle aziende associate ad ASSOITTICA che distribuiscono i prodotti del mare sul territorio nazionale e le diverse aziende associate ad AIPE per il riciclo e tracciamento delle quantit\u00e0 di manufatti in EPS giunti a fine vita ha dato vita ad un nuovo circuito nazionale per la raccolta del polistirolo da avviare a riciclo.<\/p>\n\n\n\n<p class=\"has-medium-font-size\">Questa sinergia con gli attori della distribuzione ittica nazionale e internazionale rientra nelle diverse azioni promosse da AIPE per sostenere e incrementare la raccolta e l\u2019avvio al riciclo dei manufatti in EPS e nel divulgare una corretta gestione dei rifiuti in polistirolo &#8211; in particolare delle cassette del pesce &#8211; al fine di raggiungere i target europei che pongono l\u2019obiettivo di superare il 50% di materiale riciclato proveniente dalle cassette in EPS nel settore ittico entro il 2025.<\/p>\n","protected":false},"excerpt":{"rendered":"<p>LA RACCOLTA E IL RICICLO DELLE CASSETTE IN EPS A FINE VITA IMPIEGATE NEL SETTORE DEL COMMERCIO E DELLA DISTRIBUZIONE DEL PESCE FRESCO <\/p>\n<p><img loading=\"lazy\" width=\"1024\" height=\"445\" src=\"https:\/\/www.aipe.biz\/economia-circolare\/wp-content\/uploads\/sites\/5\/2022\/06\/AIPE_assoittica.jpg\" alt=\"\" class=\"wp-image-1290\" srcset=\"https:\/\/www.aipe.biz\/economia-circolare\/wp-content\/uploads\/sites\/5\/2022\/06\/AIPE_assoittica.jpg 1024w, https:\/\/www.aipe.biz\/economia-circolare\/wp-content\/uploads\/sites\/5\/2022\/06\/AIPE_assoittica-300x130.jpg 300w, https:\/\/www.aipe.biz\/economia-circolare\/wp-content\/uploads\/sites\/5\/2022\/06\/AIPE_assoittica-768x334.jpg 768w\" sizes=\"(max-width: 706px) 89vw, (max-width: 767px) 82vw, 740px\" \/><\/p>\n<p class=\"has-medium-font-size\">Tra i settori che fanno maggiore utilizzo delle cassette in polistirolo o EPS c&#8217;\u00e8 quello del commercio e della distribuzione del pesce fresco, dove questo tipo di imballaggio \u00e8 di gran lunga il pi\u00f9 utilizzato.<\/p>\n<p> <a href=\"https:\/\/www.aipe.biz\/economia-circolare\/il-circuito-della-distribuzione\/\">Leggi tutto<\/a><\/p>\n","protected":false},"author":108,"featured_media":0,"parent":0,"menu_order":0,"comment_status":"closed","ping_status":"closed","template":"","meta":[],"acf":[],"yoast_head":"<!-- This site is optimized with the Yoast SEO plugin v19.7.1 - https:\/\/yoast.com\/wordpress\/plugins\/seo\/ -->\n<title>Il circuito della distribuzione - Economia Circolare<\/title>\n<meta name=\"robots\" content=\"index, follow, max-snippet:-1, max-image-preview:large, max-video-preview:-1\" \/>\n<link rel=\"canonical\" href=\"https:\/\/www.aipe.biz\/economia-circolare\/il-circuito-della-distribuzione\/\" \/>\n<meta property=\"og:locale\" content=\"it_IT\" \/>\n<meta property=\"og:type\" content=\"article\" \/>\n<meta property=\"og:title\" content=\"Il circuito della distribuzione - Economia Circolare\" \/>\n<meta property=\"og:description\" content=\"LA RACCOLTA E IL RICICLO DELLE CASSETTE IN EPS A FINE VITA IMPIEGATE NEL SETTORE DEL COMMERCIO E DELLA DISTRIBUZIONE DEL PESCE FRESCO     Tra i settori che fanno maggiore utilizzo delle cassette in polistirolo o EPS c&#8217;\u00e8 quello del commercio e della distribuzione del pesce fresco, dove questo tipo di imballaggio \u00e8 di gran lunga il pi\u00f9 utilizzato. Leggi tutto\" \/>\n<meta property=\"og:url\" content=\"https:\/\/www.aipe.biz\/economia-circolare\/il-circuito-della-distribuzione\/\" \/>\n<meta property=\"og:site_name\" content=\"Economia Circolare\" \/>\n<meta property=\"article:modified_time\" content=\"2022-06-13T08:50:41+00:00\" \/>\n<meta property=\"og:image\" content=\"https:\/\/www.aipe.biz\/economia-circolare\/wp-content\/uploads\/sites\/5\/2022\/06\/AIPE_assoittica.jpg\" \/>\n<meta name=\"twitter:card\" content=\"summary\" \/>\n<meta name=\"twitter:label1\" content=\"Tempo di lettura stimato\" \/>\n\t<meta name=\"twitter:data1\" content=\"3 minuti\" \/>\n<script type=\"application\/ld+json\" class=\"yoast-schema-graph\">{\"@context\":\"https:\/\/schema.org\",\"@graph\":[{\"@type\":\"WebPage\",\"@id\":\"https:\/\/www.aipe.biz\/economia-circolare\/il-circuito-della-distribuzione\/\",\"url\":\"https:\/\/www.aipe.biz\/economia-circolare\/il-circuito-della-distribuzione\/\",\"name\":\"Il circuito della distribuzione - Economia Circolare\",\"isPartOf\":{\"@id\":\"https:\/\/www.aipe.biz\/economia-circolare\/#website\"},\"datePublished\":\"2022-05-27T13:43:08+00:00\",\"dateModified\":\"2022-06-13T08:50:41+00:00\",\"breadcrumb\":{\"@id\":\"https:\/\/www.aipe.biz\/economia-circolare\/il-circuito-della-distribuzione\/#breadcrumb\"},\"inLanguage\":\"it-IT\",\"potentialAction\":[{\"@type\":\"ReadAction\",\"target\":[\"https:\/\/www.aipe.biz\/economia-circolare\/il-circuito-della-distribuzione\/\"]}]},{\"@type\":\"BreadcrumbList\",\"@id\":\"https:\/\/www.aipe.biz\/economia-circolare\/il-circuito-della-distribuzione\/#breadcrumb\",\"itemListElement\":[{\"@type\":\"ListItem\",\"position\":1,\"name\":\"Home\",\"item\":\"https:\/\/www.aipe.biz\/economia-circolare\/\"},{\"@type\":\"ListItem\",\"position\":2,\"name\":\"Il circuito della distribuzione\"}]},{\"@type\":\"WebSite\",\"@id\":\"https:\/\/www.aipe.biz\/economia-circolare\/#website\",\"url\":\"https:\/\/www.aipe.biz\/economia-circolare\/\",\"name\":\"Economia Circolare\",\"description\":\"\",\"publisher\":{\"@id\":\"https:\/\/www.aipe.biz\/economia-circolare\/#organization\"},\"potentialAction\":[{\"@type\":\"SearchAction\",\"target\":{\"@type\":\"EntryPoint\",\"urlTemplate\":\"https:\/\/www.aipe.biz\/economia-circolare\/?s={search_term_string}\"},\"query-input\":\"required name=search_term_string\"}],\"inLanguage\":\"it-IT\"},{\"@type\":\"Organization\",\"@id\":\"https:\/\/www.aipe.biz\/economia-circolare\/#organization\",\"name\":\"Aipe Associazione Italiana Polistirene Espanso\",\"url\":\"https:\/\/www.aipe.biz\/economia-circolare\/\",\"sameAs\":[],\"logo\":{\"@type\":\"ImageObject\",\"inLanguage\":\"it-IT\",\"@id\":\"https:\/\/www.aipe.biz\/economia-circolare\/#\/schema\/logo\/image\/\",\"url\":\"https:\/\/www.aipe.biz\/economia-circolare\/wp-content\/uploads\/sites\/5\/2022\/05\/cropped-AIPE_logo02-1.png\",\"contentUrl\":\"https:\/\/www.aipe.biz\/economia-circolare\/wp-content\/uploads\/sites\/5\/2022\/05\/cropped-AIPE_logo02-1.png\",\"width\":743,\"height\":250,\"caption\":\"Aipe Associazione Italiana Polistirene Espanso\"},\"image\":{\"@id\":\"https:\/\/www.aipe.biz\/economia-circolare\/#\/schema\/logo\/image\/\"}}]}<\/script>\n<!-- \/ Yoast SEO plugin. -->","yoast_head_json":{"title":"Il circuito della distribuzione - Economia Circolare","robots":{"index":"index","follow":"follow","max-snippet":"max-snippet:-1","max-image-preview":"max-image-preview:large","max-video-preview":"max-video-preview:-1"},"canonical":"https:\/\/www.aipe.biz\/economia-circolare\/il-circuito-della-distribuzione\/","og_locale":"it_IT","og_type":"article","og_title":"Il circuito della distribuzione - Economia Circolare","og_description":"LA RACCOLTA E IL RICICLO DELLE CASSETTE IN EPS A FINE VITA IMPIEGATE NEL SETTORE DEL COMMERCIO E DELLA DISTRIBUZIONE DEL PESCE FRESCO     Tra i settori che fanno maggiore utilizzo delle cassette in polistirolo o EPS c&#8217;\u00e8 quello del commercio e della distribuzione del pesce fresco, dove questo tipo di imballaggio \u00e8 di gran lunga il pi\u00f9 utilizzato. Leggi tutto","og_url":"https:\/\/www.aipe.biz\/economia-circolare\/il-circuito-della-distribuzione\/","og_site_name":"Economia Circolare","article_modified_time":"2022-06-13T08:50:41+00:00","og_image":[{"url":"https:\/\/www.aipe.biz\/economia-circolare\/wp-content\/uploads\/sites\/5\/2022\/06\/AIPE_assoittica.jpg"}],"twitter_card":"summary","twitter_misc":{"Tempo di lettura stimato":"3 minuti"},"schema":{"@context":"https:\/\/schema.org","@graph":[{"@type":"WebPage","@id":"https:\/\/www.aipe.biz\/economia-circolare\/il-circuito-della-distribuzione\/","url":"https:\/\/www.aipe.biz\/economia-circolare\/il-circuito-della-distribuzione\/","name":"Il circuito della distribuzione - Economia Circolare","isPartOf":{"@id":"https:\/\/www.aipe.biz\/economia-circolare\/#website"},"datePublished":"2022-05-27T13:43:08+00:00","dateModified":"2022-06-13T08:50:41+00:00","breadcrumb":{"@id":"https:\/\/www.aipe.biz\/economia-circolare\/il-circuito-della-distribuzione\/#breadcrumb"},"inLanguage":"it-IT","potentialAction":[{"@type":"ReadAction","target":["https:\/\/www.aipe.biz\/economia-circolare\/il-circuito-della-distribuzione\/"]}]},{"@type":"BreadcrumbList","@id":"https:\/\/www.aipe.biz\/economia-circolare\/il-circuito-della-distribuzione\/#breadcrumb","itemListElement":[{"@type":"ListItem","position":1,"name":"Home","item":"https:\/\/www.aipe.biz\/economia-circolare\/"},{"@type":"ListItem","position":2,"name":"Il circuito della distribuzione"}]},{"@type":"WebSite","@id":"https:\/\/www.aipe.biz\/economia-circolare\/#website","url":"https:\/\/www.aipe.biz\/economia-circolare\/","name":"Economia Circolare","description":"","publisher":{"@id":"https:\/\/www.aipe.biz\/economia-circolare\/#organization"},"potentialAction":[{"@type":"SearchAction","target":{"@type":"EntryPoint","urlTemplate":"https:\/\/www.aipe.biz\/economia-circolare\/?s={search_term_string}"},"query-input":"required name=search_term_string"}],"inLanguage":"it-IT"},{"@type":"Organization","@id":"https:\/\/www.aipe.biz\/economia-circolare\/#organization","name":"Aipe Associazione Italiana Polistirene Espanso","url":"https:\/\/www.aipe.biz\/economia-circolare\/","sameAs":[],"logo":{"@type":"ImageObject","inLanguage":"it-IT","@id":"https:\/\/www.aipe.biz\/economia-circolare\/#\/schema\/logo\/image\/","url":"https:\/\/www.aipe.biz\/economia-circolare\/wp-content\/uploads\/sites\/5\/2022\/05\/cropped-AIPE_logo02-1.png","contentUrl":"https:\/\/www.aipe.biz\/economia-circolare\/wp-content\/uploads\/sites\/5\/2022\/05\/cropped-AIPE_logo02-1.png","width":743,"height":250,"caption":"Aipe Associazione Italiana Polistirene Espanso"},"image":{"@id":"https:\/\/www.aipe.biz\/economia-circolare\/#\/schema\/logo\/image\/"}}]}},"_links":{"self":[{"href":"https:\/\/www.aipe.biz\/economia-circolare\/wp-json\/wp\/v2\/pages\/1017"}],"collection":[{"href":"https:\/\/www.aipe.biz\/economia-circolare\/wp-json\/wp\/v2\/pages"}],"about":[{"href":"https:\/\/www.aipe.biz\/economia-circolare\/wp-json\/wp\/v2\/types\/page"}],"author":[{"embeddable":true,"href":"https:\/\/www.aipe.biz\/economia-circolare\/wp-json\/wp\/v2\/users\/108"}],"replies":[{"embeddable":true,"href":"https:\/\/www.aipe.biz\/economia-circolare\/wp-json\/wp\/v2\/comments?post=1017"}],"version-history":[{"count":7,"href":"https:\/\/www.aipe.biz\/economia-circolare\/wp-json\/wp\/v2\/pages\/1017\/revisions"}],"predecessor-version":[{"id":1353,"href":"https:\/\/www.aipe.biz\/economia-circolare\/wp-json\/wp\/v2\/pages\/1017\/revisions\/1353"}],"wp:attachment":[{"href":"https:\/\/www.aipe.biz\/economia-circolare\/wp-json\/wp\/v2\/media?parent=1017"}],"curies":[{"name":"wp","href":"https:\/\/api.w.org\/{rel}","templated":true}]}}