{"id":1029,"date":"2022-05-27T16:42:08","date_gmt":"2022-05-27T14:42:08","guid":{"rendered":"https:\/\/demo.aipe.biz\/economia-circolare\/?page_id=1029"},"modified":"2022-12-19T10:16:24","modified_gmt":"2022-12-19T09:16:24","slug":"riciclare-per-i-cam-arredo","status":"publish","type":"page","link":"https:\/\/www.aipe.biz\/economia-circolare\/riciclare-per-i-cam-arredo\/","title":{"rendered":"Riciclare per i CAM arredo"},"content":{"rendered":"\n<h3 style=\"font-size:24px\"><strong>RICICLARE PER I CAM ARREDO<\/strong><\/h3>\n\n\n\n<figure class=\"wp-block-image size-large\"><img loading=\"lazy\" width=\"1024\" height=\"427\" src=\"https:\/\/www.aipe.biz\/economia-circolare\/wp-content\/uploads\/sites\/5\/2020\/07\/imballaggio-televisore-polistirolo-1024x427.jpg\" alt=\"\" class=\"wp-image-745\" srcset=\"https:\/\/www.aipe.biz\/economia-circolare\/wp-content\/uploads\/sites\/5\/2020\/07\/imballaggio-televisore-polistirolo-1024x427.jpg 1024w, https:\/\/www.aipe.biz\/economia-circolare\/wp-content\/uploads\/sites\/5\/2020\/07\/imballaggio-televisore-polistirolo-300x125.jpg 300w, https:\/\/www.aipe.biz\/economia-circolare\/wp-content\/uploads\/sites\/5\/2020\/07\/imballaggio-televisore-polistirolo-768x320.jpg 768w, https:\/\/www.aipe.biz\/economia-circolare\/wp-content\/uploads\/sites\/5\/2020\/07\/imballaggio-televisore-polistirolo.jpg 1920w\" sizes=\"(max-width: 706px) 89vw, (max-width: 767px) 82vw, 740px\" \/><\/figure>\n\n\n\n<p class=\"has-medium-font-size\">Il protocollo \u201cCAM Arredo\u201d rappresenta la procedura che pi\u00f9 coinvolge l\u2019intera filiera produttiva dell\u2019EPS per il conseguimento degli obiettivi dell\u2019Economia Circolare.<\/p>\n\n\n\n<p class=\"has-medium-font-size\">I CAM sono i protocolli emessi dal MITE, Ministero della Transizione Ecologica, per indirizzare la pubblica amministrazione a predisporre appalti in modo da ridurre gli impatti per un ambiente migliore.<\/p>\n\n\n\n<p class=\"has-medium-font-size\">I \u201cCAM Arredo\u201d rappresentano il riferimento per l\u2019acquisto di tutti gli oggetti che rientrano nell\u2019arredo delle sedi operative della pubblica amministrazione.<\/p>\n\n\n\n<p class=\"has-medium-font-size\">Le modalit\u00e0 con cui vengono emessi appalti di acquisto sono redatte tenendo in considerazione le prescrizioni del CAM \u201cper la fornitura e il servizio di noleggio di arredi per interni\u201d.<\/p>\n\n\n\n<p class=\"has-medium-font-size\">Si definiscono minimi i criteri che tengono conto dell\u2019esigenza di assicurare che i prodotti, i servizi e i lavori, siano soddisfatti dall\u2019offerta del mercato di riferimento.<\/p>\n\n\n\n<p class=\"has-medium-font-size\">I \u201cCAM Arredo\u201d rivolgono l\u2019attenzione non solo agli oggetti dell\u2019arredo, ma anche ai loro imballaggi.<\/p>\n\n\n\n<p class=\"has-medium-font-size\">L\u2019imballo non \u00e8 considerato un elemento secondario della fornitura, ma crea un aspetto innovativo per la sostenibilit\u00e0 ambientale<strong>: il materiale con cui \u00e8 realizzato l\u2019imballo deve contenere materiale riciclato.<\/strong><\/p>\n\n\n\n<p class=\"has-medium-font-size\">Una seconda indicazione viene richiesta al progetto dell\u2019imballo: realizzare il manufatto utilizzando un solo materiale in modo da poterlo riciclare pi\u00f9 facilmente.<\/p>\n\n\n\n<p class=\"has-medium-font-size\">Queste richieste permettono all\u2019EPS \u2013 Polistirene Espanso Sinterizzato \u2013 di esprimere le proprie prerogative e caratteristiche nel modo migliore, in quanto pu\u00f2 realizzare imballi utilizzando riciclati e con un solo materiale. Il CAM prevede che i criteri di utilizzo del riciclato siano verificati e certificati da un ente terzo che attesti quanto il produttore mette in atto.<\/p>\n\n\n\n<p class=\"has-medium-font-size\">La realizzazione di un imballo in EPS per il settore arredo richiede un\u2019attenta progettazione ad un\u2019elevata professionalit\u00e0 produttiva.<\/p>\n\n\n\n<p class=\"has-medium-font-size\">Questa deve inoltre tenere in debito conto che si possono utilizzare riciclati provenienti da post-uso, ma anche materie prime ottenute da fonti differenti che permettono di esaudire le richieste del CAM.<\/p>\n\n\n\n<p class=\"has-medium-font-size\">L\u2019imballo per arredi non solo deve garantire l\u2019integrit\u00e0 dell\u2019oggetto imballato, ovvero proteggerlo da urti impattivi, ma anche salvaguardarne la superficie esterna dello stesso.<\/p>\n\n\n\n<p class=\"has-medium-font-size\">La produzione dell\u2019imballo viene gestita in modo accurato controllando la qualit\u00e0 e la costanza del prodotto in modo da verificare e garantire le prestazioni finali richieste.<\/p>\n\n\n\n<p class=\"has-medium-font-size\">A partire dal <strong>6 dicembre 2022<\/strong> sono entrati in vigore i <strong>nuovi CAM Arredo, i &#8220;Criteri Ambientali Minimi per l\u2019affidamento del servizio di fornitura, noleggio ed estensione della vita utile di arredi per interni&#8221; &#8211; Decreto MITE del 23\/06\/2022.<\/strong><\/p>\n\n\n\n<p class=\"has-medium-font-size\">Specificamente al punto 4.1.10 del Decreto vengono definiti i requisiti che devono avere gli imballaggi per gli arredi, facendo esplicitamente riferimento anche all\u2019EPS.<\/p>\n\n\n\n<p class=\"has-medium-font-size\">In generale, tutti gli imballi devono essere facilmente separabili in parti costituite da un solo materiale e riciclabili in conformit\u00e0 alla norma UNI EN 13430-2005.<\/p>\n\n\n\n<p class=\"has-medium-font-size\">In particolare per quanto riguarda l&#8217;EPS, \u00e8 prevista un\u2019applicazione graduale di questo comma.<\/p>\n\n\n\n<p class=\"has-medium-font-size\">All&#8217;entrata in vigore del decreto, infatti, la <strong>percentuale di riciclato richiesta \u00e8 di almeno il 20%, che aumenter\u00e0 ad almeno il 25% a decorrere dal 1\u00b0 gennaio 2023.<\/strong><\/p>\n\n\n\n<p class=\"has-medium-font-size\"><strong>Il target del 30% di plastica riciclata dovr\u00e0 essere ottenuto a partire dal 1\u00b0 gennaio 2025.<\/strong><\/p>\n\n\n\n<p class=\"has-medium-font-size\">Ricordiamo che il CAM prevede inoltre che gli imballi in materiale plastico vengano identificati conformemente alla norma CEN\/CR 14311 \u201cPackaging \u2013 Marking and Material Identification System\u201d.<\/p>\n\n\n\n<p class=\"has-medium-font-size\"><\/p>\n\n\n\n<p class=\"has-medium-font-size\"><\/p>\n\n\n\n<p class=\"has-medium-font-size\"><\/p>\n\n\n\n<p class=\"has-medium-font-size\"><\/p>\n\n\n\n<p class=\"has-medium-font-size\"><\/p>\n\n\n\n<p class=\"has-medium-font-size\"><\/p>\n\n\n\n<p class=\"has-medium-font-size\"><\/p>\n\n\n\n<p class=\"has-medium-font-size\"><\/p>\n\n\n\n<p><\/p>\n\n\n\n<p><\/p>\n\n\n\n<p><\/p>\n\n\n\n<p class=\"has-medium-font-size\"><\/p>\n","protected":false},"excerpt":{"rendered":"<p>RICICLARE PER I CAM ARREDO<\/p>\n<p><img loading=\"lazy\" width=\"1024\" height=\"427\" src=\"https:\/\/www.aipe.biz\/economia-circolare\/wp-content\/uploads\/sites\/5\/2020\/07\/imballaggio-televisore-polistirolo-1024x427.jpg\" alt=\"\" class=\"wp-image-745\" srcset=\"https:\/\/www.aipe.biz\/economia-circolare\/wp-content\/uploads\/sites\/5\/2020\/07\/imballaggio-televisore-polistirolo-1024x427.jpg 1024w, https:\/\/www.aipe.biz\/economia-circolare\/wp-content\/uploads\/sites\/5\/2020\/07\/imballaggio-televisore-polistirolo-300x125.jpg 300w, https:\/\/www.aipe.biz\/economia-circolare\/wp-content\/uploads\/sites\/5\/2020\/07\/imballaggio-televisore-polistirolo-768x320.jpg 768w, https:\/\/www.aipe.biz\/economia-circolare\/wp-content\/uploads\/sites\/5\/2020\/07\/imballaggio-televisore-polistirolo.jpg 1920w\" sizes=\"(max-width: 706px) 89vw, (max-width: 767px) 82vw, 740px\" \/><\/p>\n<p class=\"has-medium-font-size\">Il protocollo \u201cCAM Arredo\u201d rappresenta la procedura che pi\u00f9 coinvolge l\u2019intera filiera produttiva dell\u2019EPS per il conseguimento degli obiettivi dell\u2019Economia Circolare.<\/p>\n<p class=\"has-medium-font-size\">I CAM sono i protocolli emessi dal MITE, Ministero della Transizione Ecologica, per indirizzare la pubblica amministrazione a predisporre appalti in modo da ridurre gli impatti per un ambiente migliore.<\/p>\n<p> <a href=\"https:\/\/www.aipe.biz\/economia-circolare\/riciclare-per-i-cam-arredo\/\">Leggi tutto<\/a><\/p>\n","protected":false},"author":108,"featured_media":0,"parent":0,"menu_order":0,"comment_status":"closed","ping_status":"closed","template":"","meta":[],"acf":[],"yoast_head":"<!-- This site is optimized with the Yoast SEO plugin v19.7.1 - https:\/\/yoast.com\/wordpress\/plugins\/seo\/ -->\n<title>Riciclare per i CAM arredo - Economia Circolare<\/title>\n<meta name=\"robots\" content=\"index, follow, max-snippet:-1, max-image-preview:large, max-video-preview:-1\" \/>\n<link rel=\"canonical\" href=\"https:\/\/www.aipe.biz\/economia-circolare\/riciclare-per-i-cam-arredo\/\" \/>\n<meta property=\"og:locale\" content=\"it_IT\" \/>\n<meta property=\"og:type\" content=\"article\" \/>\n<meta property=\"og:title\" content=\"Riciclare per i CAM arredo - Economia Circolare\" \/>\n<meta property=\"og:description\" content=\"RICICLARE PER I CAM ARREDO    Il protocollo \u201cCAM Arredo\u201d rappresenta la procedura che pi\u00f9 coinvolge l\u2019intera filiera produttiva dell\u2019EPS per il conseguimento degli obiettivi dell\u2019Economia Circolare.  I CAM sono i protocolli emessi dal MITE, Ministero della Transizione Ecologica, per indirizzare la pubblica amministrazione a predisporre appalti in modo da ridurre gli impatti per un ambiente migliore. Leggi tutto\" \/>\n<meta property=\"og:url\" content=\"https:\/\/www.aipe.biz\/economia-circolare\/riciclare-per-i-cam-arredo\/\" \/>\n<meta property=\"og:site_name\" content=\"Economia Circolare\" \/>\n<meta property=\"article:modified_time\" content=\"2022-12-19T09:16:24+00:00\" \/>\n<meta property=\"og:image\" content=\"https:\/\/www.aipe.biz\/economia-circolare\/wp-content\/uploads\/sites\/5\/2020\/07\/imballaggio-televisore-polistirolo-1024x427.jpg\" \/>\n<meta name=\"twitter:card\" content=\"summary\" \/>\n<meta name=\"twitter:label1\" content=\"Tempo di lettura stimato\" \/>\n\t<meta name=\"twitter:data1\" content=\"3 minuti\" \/>\n<script type=\"application\/ld+json\" class=\"yoast-schema-graph\">{\"@context\":\"https:\/\/schema.org\",\"@graph\":[{\"@type\":\"WebPage\",\"@id\":\"https:\/\/www.aipe.biz\/economia-circolare\/riciclare-per-i-cam-arredo\/\",\"url\":\"https:\/\/www.aipe.biz\/economia-circolare\/riciclare-per-i-cam-arredo\/\",\"name\":\"Riciclare per i CAM arredo - Economia Circolare\",\"isPartOf\":{\"@id\":\"https:\/\/www.aipe.biz\/economia-circolare\/#website\"},\"datePublished\":\"2022-05-27T14:42:08+00:00\",\"dateModified\":\"2022-12-19T09:16:24+00:00\",\"breadcrumb\":{\"@id\":\"https:\/\/www.aipe.biz\/economia-circolare\/riciclare-per-i-cam-arredo\/#breadcrumb\"},\"inLanguage\":\"it-IT\",\"potentialAction\":[{\"@type\":\"ReadAction\",\"target\":[\"https:\/\/www.aipe.biz\/economia-circolare\/riciclare-per-i-cam-arredo\/\"]}]},{\"@type\":\"BreadcrumbList\",\"@id\":\"https:\/\/www.aipe.biz\/economia-circolare\/riciclare-per-i-cam-arredo\/#breadcrumb\",\"itemListElement\":[{\"@type\":\"ListItem\",\"position\":1,\"name\":\"Home\",\"item\":\"https:\/\/www.aipe.biz\/economia-circolare\/\"},{\"@type\":\"ListItem\",\"position\":2,\"name\":\"Riciclare per i CAM arredo\"}]},{\"@type\":\"WebSite\",\"@id\":\"https:\/\/www.aipe.biz\/economia-circolare\/#website\",\"url\":\"https:\/\/www.aipe.biz\/economia-circolare\/\",\"name\":\"Economia Circolare\",\"description\":\"\",\"publisher\":{\"@id\":\"https:\/\/www.aipe.biz\/economia-circolare\/#organization\"},\"potentialAction\":[{\"@type\":\"SearchAction\",\"target\":{\"@type\":\"EntryPoint\",\"urlTemplate\":\"https:\/\/www.aipe.biz\/economia-circolare\/?s={search_term_string}\"},\"query-input\":\"required name=search_term_string\"}],\"inLanguage\":\"it-IT\"},{\"@type\":\"Organization\",\"@id\":\"https:\/\/www.aipe.biz\/economia-circolare\/#organization\",\"name\":\"Aipe Associazione Italiana Polistirene Espanso\",\"url\":\"https:\/\/www.aipe.biz\/economia-circolare\/\",\"sameAs\":[],\"logo\":{\"@type\":\"ImageObject\",\"inLanguage\":\"it-IT\",\"@id\":\"https:\/\/www.aipe.biz\/economia-circolare\/#\/schema\/logo\/image\/\",\"url\":\"https:\/\/www.aipe.biz\/economia-circolare\/wp-content\/uploads\/sites\/5\/2022\/05\/cropped-AIPE_logo02-1.png\",\"contentUrl\":\"https:\/\/www.aipe.biz\/economia-circolare\/wp-content\/uploads\/sites\/5\/2022\/05\/cropped-AIPE_logo02-1.png\",\"width\":743,\"height\":250,\"caption\":\"Aipe Associazione Italiana Polistirene Espanso\"},\"image\":{\"@id\":\"https:\/\/www.aipe.biz\/economia-circolare\/#\/schema\/logo\/image\/\"}}]}<\/script>\n<!-- \/ Yoast SEO plugin. -->","yoast_head_json":{"title":"Riciclare per i CAM arredo - Economia Circolare","robots":{"index":"index","follow":"follow","max-snippet":"max-snippet:-1","max-image-preview":"max-image-preview:large","max-video-preview":"max-video-preview:-1"},"canonical":"https:\/\/www.aipe.biz\/economia-circolare\/riciclare-per-i-cam-arredo\/","og_locale":"it_IT","og_type":"article","og_title":"Riciclare per i CAM arredo - Economia Circolare","og_description":"RICICLARE PER I CAM ARREDO    Il protocollo \u201cCAM Arredo\u201d rappresenta la procedura che pi\u00f9 coinvolge l\u2019intera filiera produttiva dell\u2019EPS per il conseguimento degli obiettivi dell\u2019Economia Circolare.  I CAM sono i protocolli emessi dal MITE, Ministero della Transizione Ecologica, per indirizzare la pubblica amministrazione a predisporre appalti in modo da ridurre gli impatti per un ambiente migliore. Leggi tutto","og_url":"https:\/\/www.aipe.biz\/economia-circolare\/riciclare-per-i-cam-arredo\/","og_site_name":"Economia Circolare","article_modified_time":"2022-12-19T09:16:24+00:00","og_image":[{"url":"https:\/\/www.aipe.biz\/economia-circolare\/wp-content\/uploads\/sites\/5\/2020\/07\/imballaggio-televisore-polistirolo-1024x427.jpg"}],"twitter_card":"summary","twitter_misc":{"Tempo di lettura stimato":"3 minuti"},"schema":{"@context":"https:\/\/schema.org","@graph":[{"@type":"WebPage","@id":"https:\/\/www.aipe.biz\/economia-circolare\/riciclare-per-i-cam-arredo\/","url":"https:\/\/www.aipe.biz\/economia-circolare\/riciclare-per-i-cam-arredo\/","name":"Riciclare per i CAM arredo - Economia Circolare","isPartOf":{"@id":"https:\/\/www.aipe.biz\/economia-circolare\/#website"},"datePublished":"2022-05-27T14:42:08+00:00","dateModified":"2022-12-19T09:16:24+00:00","breadcrumb":{"@id":"https:\/\/www.aipe.biz\/economia-circolare\/riciclare-per-i-cam-arredo\/#breadcrumb"},"inLanguage":"it-IT","potentialAction":[{"@type":"ReadAction","target":["https:\/\/www.aipe.biz\/economia-circolare\/riciclare-per-i-cam-arredo\/"]}]},{"@type":"BreadcrumbList","@id":"https:\/\/www.aipe.biz\/economia-circolare\/riciclare-per-i-cam-arredo\/#breadcrumb","itemListElement":[{"@type":"ListItem","position":1,"name":"Home","item":"https:\/\/www.aipe.biz\/economia-circolare\/"},{"@type":"ListItem","position":2,"name":"Riciclare per i CAM arredo"}]},{"@type":"WebSite","@id":"https:\/\/www.aipe.biz\/economia-circolare\/#website","url":"https:\/\/www.aipe.biz\/economia-circolare\/","name":"Economia Circolare","description":"","publisher":{"@id":"https:\/\/www.aipe.biz\/economia-circolare\/#organization"},"potentialAction":[{"@type":"SearchAction","target":{"@type":"EntryPoint","urlTemplate":"https:\/\/www.aipe.biz\/economia-circolare\/?s={search_term_string}"},"query-input":"required name=search_term_string"}],"inLanguage":"it-IT"},{"@type":"Organization","@id":"https:\/\/www.aipe.biz\/economia-circolare\/#organization","name":"Aipe Associazione Italiana Polistirene Espanso","url":"https:\/\/www.aipe.biz\/economia-circolare\/","sameAs":[],"logo":{"@type":"ImageObject","inLanguage":"it-IT","@id":"https:\/\/www.aipe.biz\/economia-circolare\/#\/schema\/logo\/image\/","url":"https:\/\/www.aipe.biz\/economia-circolare\/wp-content\/uploads\/sites\/5\/2022\/05\/cropped-AIPE_logo02-1.png","contentUrl":"https:\/\/www.aipe.biz\/economia-circolare\/wp-content\/uploads\/sites\/5\/2022\/05\/cropped-AIPE_logo02-1.png","width":743,"height":250,"caption":"Aipe Associazione Italiana Polistirene Espanso"},"image":{"@id":"https:\/\/www.aipe.biz\/economia-circolare\/#\/schema\/logo\/image\/"}}]}},"_links":{"self":[{"href":"https:\/\/www.aipe.biz\/economia-circolare\/wp-json\/wp\/v2\/pages\/1029"}],"collection":[{"href":"https:\/\/www.aipe.biz\/economia-circolare\/wp-json\/wp\/v2\/pages"}],"about":[{"href":"https:\/\/www.aipe.biz\/economia-circolare\/wp-json\/wp\/v2\/types\/page"}],"author":[{"embeddable":true,"href":"https:\/\/www.aipe.biz\/economia-circolare\/wp-json\/wp\/v2\/users\/108"}],"replies":[{"embeddable":true,"href":"https:\/\/www.aipe.biz\/economia-circolare\/wp-json\/wp\/v2\/comments?post=1029"}],"version-history":[{"count":5,"href":"https:\/\/www.aipe.biz\/economia-circolare\/wp-json\/wp\/v2\/pages\/1029\/revisions"}],"predecessor-version":[{"id":1490,"href":"https:\/\/www.aipe.biz\/economia-circolare\/wp-json\/wp\/v2\/pages\/1029\/revisions\/1490"}],"wp:attachment":[{"href":"https:\/\/www.aipe.biz\/economia-circolare\/wp-json\/wp\/v2\/media?parent=1029"}],"curies":[{"name":"wp","href":"https:\/\/api.w.org\/{rel}","templated":true}]}}