{"id":1062,"date":"2022-05-30T16:40:43","date_gmt":"2022-05-30T14:40:43","guid":{"rendered":"https:\/\/demo.aipe.biz\/economia-circolare\/?page_id=1062"},"modified":"2022-06-13T12:02:17","modified_gmt":"2022-06-13T10:02:17","slug":"ambiente-e-sostenibilita","status":"publish","type":"page","link":"https:\/\/www.aipe.biz\/economia-circolare\/ambiente-e-sostenibilita\/","title":{"rendered":"Ambiente e sostenibilit\u00e0"},"content":{"rendered":"\n<hr class=\"wp-block-separator has-text-color has-white-color has-alpha-channel-opacity has-white-background-color has-background\"\/>\n\n\n\n\n\n\n<hr class=\"wp-block-separator has-text-color has-white-color has-alpha-channel-opacity has-white-background-color has-background\"\/>\n\n\n\n<h3 style=\"font-size:24px\"><strong><span style=\"font-size: 18pt;\"><strong>AMBIENTE<\/strong><\/span> E SOSTENIBILIT\u00c0<\/strong><\/h3>\n\n\n\n<p class=\"has-medium-font-size\">La crescente sensibilit\u00e0 e coscienza ambientale diffusa nelle attuali societ\u00e0 induce e spinge gli acquirenti e gli utenti ad influenzare la produzione e l\u2019offerta di manufatti nel mercato mediante la scelta e l\u2019utilizzo di prodotti compatibili con l\u2019ambiente, oltre che completamente rispondenti alle prestazioni richieste.<br>Agli acquirenti e agli utenti resta la decisione di scegliere manufatti effettivamente compatibili per l\u2019ambiente, di cui si conosca l\u2019impatto ambientale complessivo come risultato di valutazioni quantitative e standardizzate, riferite a tutta la loro vita (produzione, vita in opera e smaltimento finale).<\/p>\n\n\n\n<p class=\"has-medium-font-size\">La metodologia standardizzata di Life Cycle Assessment ovvero LCA, definita nelle sue parti essenziali dalla norma ISO 14040, permette di valutare completamente l\u2019impatto e la compatibilit\u00e0 ambientale di un prodotto durante l\u2019intero arco della sua vita. <\/p>\n\n\n\n<p class=\"has-medium-font-size\">Questa metodologia stabilisce anche il processo da seguire, i parametri di impatto da considerare e le normalizzazioni da adottare per ottenere valutazioni \u201cstandardizzate\u201d e confrontabili nel caso di manufatti di diversa costituzione, che svolgano la stessa funzione. <\/p>\n\n\n\n<p class=\"has-medium-font-size\">Inoltre l\u2019ultima importante condizione da soddisfare per ottenere valutazioni di impatto ambientale quantitative e confrontabili \u00e8 la disponibilit\u00e0 di dati reali sugli impatti ambientali di ciascun stadio delle varie fasi di vita del manufatto, dati necessari per ottenere la valutazione LCA del manufatto stesso e conoscere il suo impatto complessivo sull\u2019ambiente. <\/p>\n\n\n\n<p class=\"has-medium-font-size\">Nel corso degli anni AIPE ha condotto analisi del ciclo di vita dell&#8217;EPS attraverso studi LCA, che hanno permesso di valutare l&#8217;impatto ambientale dei prodotti in EPS sia nel settore dell&#8217;edilizia che in quello dell&#8217;imballaggio.<\/p>\n","protected":false},"excerpt":{"rendered":"<p>AMBIENTE E SOSTENIBILIT\u00c0<\/p>\n<p class=\"has-medium-font-size\">La crescente sensibilit\u00e0 e coscienza ambientale diffusa nelle attuali societ\u00e0 induce e spinge gli acquirenti e gli utenti ad influenzare la produzione e l\u2019offerta di manufatti nel mercato mediante la scelta e l\u2019utilizzo di prodotti compatibili con l\u2019ambiente, oltre che completamente rispondenti alle prestazioni richieste.<br \/>Agli acquirenti e agli utenti resta la decisione di scegliere manufatti effettivamente compatibili per l\u2019ambiente,<\/p>\n<p> <a href=\"https:\/\/www.aipe.biz\/economia-circolare\/ambiente-e-sostenibilita\/\">Leggi tutto<\/a><\/p>\n","protected":false},"author":108,"featured_media":0,"parent":0,"menu_order":0,"comment_status":"closed","ping_status":"closed","template":"page-template\/home-economia.php","meta":[],"acf":[],"yoast_head":"<!-- This site is optimized with the Yoast SEO plugin v19.7.1 - https:\/\/yoast.com\/wordpress\/plugins\/seo\/ -->\n<title>Ambiente e sostenibilit\u00e0 - Economia Circolare<\/title>\n<meta name=\"robots\" content=\"index, follow, max-snippet:-1, max-image-preview:large, max-video-preview:-1\" \/>\n<link rel=\"canonical\" href=\"https:\/\/www.aipe.biz\/economia-circolare\/ambiente-e-sostenibilita\/\" \/>\n<meta property=\"og:locale\" content=\"it_IT\" \/>\n<meta property=\"og:type\" content=\"article\" \/>\n<meta property=\"og:title\" content=\"Ambiente e sostenibilit\u00e0 - Economia Circolare\" \/>\n<meta property=\"og:description\" content=\"AMBIENTE E SOSTENIBILIT\u00c0  La crescente sensibilit\u00e0 e coscienza ambientale diffusa nelle attuali societ\u00e0 induce e spinge gli acquirenti e gli utenti ad influenzare la produzione e l\u2019offerta di manufatti nel mercato mediante la scelta e l\u2019utilizzo di prodotti compatibili con l\u2019ambiente, oltre che completamente rispondenti alle prestazioni richieste.Agli acquirenti e agli utenti resta la decisione di scegliere manufatti effettivamente compatibili per l\u2019ambiente, Leggi tutto\" \/>\n<meta property=\"og:url\" content=\"https:\/\/www.aipe.biz\/economia-circolare\/ambiente-e-sostenibilita\/\" \/>\n<meta property=\"og:site_name\" content=\"Economia Circolare\" \/>\n<meta property=\"article:modified_time\" content=\"2022-06-13T10:02:17+00:00\" \/>\n<meta name=\"twitter:card\" content=\"summary\" \/>\n<meta name=\"twitter:label1\" content=\"Tempo di lettura stimato\" \/>\n\t<meta name=\"twitter:data1\" content=\"2 minuti\" \/>\n<script type=\"application\/ld+json\" class=\"yoast-schema-graph\">{\"@context\":\"https:\/\/schema.org\",\"@graph\":[{\"@type\":\"WebPage\",\"@id\":\"https:\/\/www.aipe.biz\/economia-circolare\/ambiente-e-sostenibilita\/\",\"url\":\"https:\/\/www.aipe.biz\/economia-circolare\/ambiente-e-sostenibilita\/\",\"name\":\"Ambiente e sostenibilit\u00e0 - Economia Circolare\",\"isPartOf\":{\"@id\":\"https:\/\/www.aipe.biz\/economia-circolare\/#website\"},\"datePublished\":\"2022-05-30T14:40:43+00:00\",\"dateModified\":\"2022-06-13T10:02:17+00:00\",\"breadcrumb\":{\"@id\":\"https:\/\/www.aipe.biz\/economia-circolare\/ambiente-e-sostenibilita\/#breadcrumb\"},\"inLanguage\":\"it-IT\",\"potentialAction\":[{\"@type\":\"ReadAction\",\"target\":[\"https:\/\/www.aipe.biz\/economia-circolare\/ambiente-e-sostenibilita\/\"]}]},{\"@type\":\"BreadcrumbList\",\"@id\":\"https:\/\/www.aipe.biz\/economia-circolare\/ambiente-e-sostenibilita\/#breadcrumb\",\"itemListElement\":[{\"@type\":\"ListItem\",\"position\":1,\"name\":\"Home\",\"item\":\"https:\/\/www.aipe.biz\/economia-circolare\/\"},{\"@type\":\"ListItem\",\"position\":2,\"name\":\"Ambiente e sostenibilit\u00e0\"}]},{\"@type\":\"WebSite\",\"@id\":\"https:\/\/www.aipe.biz\/economia-circolare\/#website\",\"url\":\"https:\/\/www.aipe.biz\/economia-circolare\/\",\"name\":\"Economia Circolare\",\"description\":\"\",\"publisher\":{\"@id\":\"https:\/\/www.aipe.biz\/economia-circolare\/#organization\"},\"potentialAction\":[{\"@type\":\"SearchAction\",\"target\":{\"@type\":\"EntryPoint\",\"urlTemplate\":\"https:\/\/www.aipe.biz\/economia-circolare\/?s={search_term_string}\"},\"query-input\":\"required name=search_term_string\"}],\"inLanguage\":\"it-IT\"},{\"@type\":\"Organization\",\"@id\":\"https:\/\/www.aipe.biz\/economia-circolare\/#organization\",\"name\":\"Aipe Associazione Italiana Polistirene Espanso\",\"url\":\"https:\/\/www.aipe.biz\/economia-circolare\/\",\"sameAs\":[],\"logo\":{\"@type\":\"ImageObject\",\"inLanguage\":\"it-IT\",\"@id\":\"https:\/\/www.aipe.biz\/economia-circolare\/#\/schema\/logo\/image\/\",\"url\":\"https:\/\/www.aipe.biz\/economia-circolare\/wp-content\/uploads\/sites\/5\/2022\/05\/cropped-AIPE_logo02-1.png\",\"contentUrl\":\"https:\/\/www.aipe.biz\/economia-circolare\/wp-content\/uploads\/sites\/5\/2022\/05\/cropped-AIPE_logo02-1.png\",\"width\":743,\"height\":250,\"caption\":\"Aipe Associazione Italiana Polistirene Espanso\"},\"image\":{\"@id\":\"https:\/\/www.aipe.biz\/economia-circolare\/#\/schema\/logo\/image\/\"}}]}<\/script>\n<!-- \/ Yoast SEO plugin. -->","yoast_head_json":{"title":"Ambiente e sostenibilit\u00e0 - Economia Circolare","robots":{"index":"index","follow":"follow","max-snippet":"max-snippet:-1","max-image-preview":"max-image-preview:large","max-video-preview":"max-video-preview:-1"},"canonical":"https:\/\/www.aipe.biz\/economia-circolare\/ambiente-e-sostenibilita\/","og_locale":"it_IT","og_type":"article","og_title":"Ambiente e sostenibilit\u00e0 - Economia Circolare","og_description":"AMBIENTE E SOSTENIBILIT\u00c0  La crescente sensibilit\u00e0 e coscienza ambientale diffusa nelle attuali societ\u00e0 induce e spinge gli acquirenti e gli utenti ad influenzare la produzione e l\u2019offerta di manufatti nel mercato mediante la scelta e l\u2019utilizzo di prodotti compatibili con l\u2019ambiente, oltre che completamente rispondenti alle prestazioni richieste.Agli acquirenti e agli utenti resta la decisione di scegliere manufatti effettivamente compatibili per l\u2019ambiente, Leggi tutto","og_url":"https:\/\/www.aipe.biz\/economia-circolare\/ambiente-e-sostenibilita\/","og_site_name":"Economia Circolare","article_modified_time":"2022-06-13T10:02:17+00:00","twitter_card":"summary","twitter_misc":{"Tempo di lettura stimato":"2 minuti"},"schema":{"@context":"https:\/\/schema.org","@graph":[{"@type":"WebPage","@id":"https:\/\/www.aipe.biz\/economia-circolare\/ambiente-e-sostenibilita\/","url":"https:\/\/www.aipe.biz\/economia-circolare\/ambiente-e-sostenibilita\/","name":"Ambiente e sostenibilit\u00e0 - Economia Circolare","isPartOf":{"@id":"https:\/\/www.aipe.biz\/economia-circolare\/#website"},"datePublished":"2022-05-30T14:40:43+00:00","dateModified":"2022-06-13T10:02:17+00:00","breadcrumb":{"@id":"https:\/\/www.aipe.biz\/economia-circolare\/ambiente-e-sostenibilita\/#breadcrumb"},"inLanguage":"it-IT","potentialAction":[{"@type":"ReadAction","target":["https:\/\/www.aipe.biz\/economia-circolare\/ambiente-e-sostenibilita\/"]}]},{"@type":"BreadcrumbList","@id":"https:\/\/www.aipe.biz\/economia-circolare\/ambiente-e-sostenibilita\/#breadcrumb","itemListElement":[{"@type":"ListItem","position":1,"name":"Home","item":"https:\/\/www.aipe.biz\/economia-circolare\/"},{"@type":"ListItem","position":2,"name":"Ambiente e sostenibilit\u00e0"}]},{"@type":"WebSite","@id":"https:\/\/www.aipe.biz\/economia-circolare\/#website","url":"https:\/\/www.aipe.biz\/economia-circolare\/","name":"Economia Circolare","description":"","publisher":{"@id":"https:\/\/www.aipe.biz\/economia-circolare\/#organization"},"potentialAction":[{"@type":"SearchAction","target":{"@type":"EntryPoint","urlTemplate":"https:\/\/www.aipe.biz\/economia-circolare\/?s={search_term_string}"},"query-input":"required name=search_term_string"}],"inLanguage":"it-IT"},{"@type":"Organization","@id":"https:\/\/www.aipe.biz\/economia-circolare\/#organization","name":"Aipe Associazione Italiana Polistirene Espanso","url":"https:\/\/www.aipe.biz\/economia-circolare\/","sameAs":[],"logo":{"@type":"ImageObject","inLanguage":"it-IT","@id":"https:\/\/www.aipe.biz\/economia-circolare\/#\/schema\/logo\/image\/","url":"https:\/\/www.aipe.biz\/economia-circolare\/wp-content\/uploads\/sites\/5\/2022\/05\/cropped-AIPE_logo02-1.png","contentUrl":"https:\/\/www.aipe.biz\/economia-circolare\/wp-content\/uploads\/sites\/5\/2022\/05\/cropped-AIPE_logo02-1.png","width":743,"height":250,"caption":"Aipe Associazione Italiana Polistirene Espanso"},"image":{"@id":"https:\/\/www.aipe.biz\/economia-circolare\/#\/schema\/logo\/image\/"}}]}},"_links":{"self":[{"href":"https:\/\/www.aipe.biz\/economia-circolare\/wp-json\/wp\/v2\/pages\/1062"}],"collection":[{"href":"https:\/\/www.aipe.biz\/economia-circolare\/wp-json\/wp\/v2\/pages"}],"about":[{"href":"https:\/\/www.aipe.biz\/economia-circolare\/wp-json\/wp\/v2\/types\/page"}],"author":[{"embeddable":true,"href":"https:\/\/www.aipe.biz\/economia-circolare\/wp-json\/wp\/v2\/users\/108"}],"replies":[{"embeddable":true,"href":"https:\/\/www.aipe.biz\/economia-circolare\/wp-json\/wp\/v2\/comments?post=1062"}],"version-history":[{"count":26,"href":"https:\/\/www.aipe.biz\/economia-circolare\/wp-json\/wp\/v2\/pages\/1062\/revisions"}],"predecessor-version":[{"id":1373,"href":"https:\/\/www.aipe.biz\/economia-circolare\/wp-json\/wp\/v2\/pages\/1062\/revisions\/1373"}],"wp:attachment":[{"href":"https:\/\/www.aipe.biz\/economia-circolare\/wp-json\/wp\/v2\/media?parent=1062"}],"curies":[{"name":"wp","href":"https:\/\/api.w.org\/{rel}","templated":true}]}}