{"id":1162,"date":"2022-06-01T14:50:02","date_gmt":"2022-06-01T12:50:02","guid":{"rendered":"https:\/\/demo.aipe.biz\/economia-circolare\/?page_id=1162"},"modified":"2022-06-01T14:54:51","modified_gmt":"2022-06-01T12:54:51","slug":"riciclo","status":"publish","type":"page","link":"https:\/\/www.aipe.biz\/economia-circolare\/riciclo\/","title":{"rendered":"Riciclo"},"content":{"rendered":"\n<hr class=\"wp-block-separator has-text-color has-white-color has-alpha-channel-opacity has-white-background-color has-background\"\/>\n\n\n\n\n\n\n<hr class=\"wp-block-separator has-text-color has-white-color has-alpha-channel-opacity has-white-background-color has-background\"\/>\n\n\n\n<h3 style=\"font-size:24px\"><strong>IL RICICLO DELL&#8217;EPS<\/strong><\/h3>\n\n\n\n<p><span style=\"font-size: 14pt;\">Il polistirene espanso (comunemente conosciuto come polistirene o a livello europeo come EPS) \u00e8 una materia plastica riciclabile meccanicamente praticamente all\u2019infinito, essendo un termoplastico e non un termoindurente. Il suo numero identificativo \u00e8 il numero 6, secondo il sistema di numerazione e abbreviazione che identifica i diversi materiali e comunemente si ritrova all\u2019interno del simbolo del riciclo \u201cciclo di Mobius\u201d. Questa indicazione facilita l\u2019individuazione del materiale ai fini della raccolta, del riutilizzo e del recupero e prescrizione per quanto riguarda gli imballaggi in plastica.<\/span><\/p>\n\n\n\n<p><span style=\"font-size: 14pt;\">Il riciclo dei manufatti in EPS nel post-uso \u00e8 un circuito che comincia con il recupero sul territorio. In questa fase, uno dei punti di forza dell\u2019EPS, ovvero la sua leggerezza, diventa invece una criticit\u00e0, perch\u00e9 comporta problemi di ingombro durante il trasporto del materiale di scarto. Infatti il polistirene in quanto tale ha una densit\u00e0 variabile tra 15 e 25 kg\/m3 e la densit\u00e0 apparente degli scarti oscilla fra 5 e 15 kg\/m3, ma solo se essi sono perfettamente impaccati.<\/span><br><span style=\"font-size: 14pt;\"> Fortunatamente esiste una notevole produzione di scarti a livello commerciale ed industriale, settori certamente pi\u00f9 facili del rifiuto domestico dal punto di vista della raccolta, sia per la concentrazione di quantit\u00e0, sia perch\u00e9 le aziende devono comunque sostenere un costo di smaltimento, passando in genere attraverso un raccoglitore.<\/span><\/p>\n\n\n\n<p><br><span style=\"text-decoration: underline; color: #ff6600;\"><span style=\"font-size: 14pt;\"><strong>Il riciclo del polistirene nel settore industriale e commerciale<\/strong><\/span><\/span><\/p>\n\n\n\n<p><span style=\"font-size: 14pt;\">Sono senz\u2019altro questi i settori principali su cui puntare per un sistema di recupero strutturato dell\u2019EPS, dove l\u2019inquinamento del materiale \u00e8 costituito principalmente da parti in legno o metallo e da nastri ed etichette, che \u00e8 sempre possibile separare prima della macinazione dell\u2019EPS in fase di riciclo. In questi settori \u00e8 inoltre pi\u00f9 facile istituire modalit\u00e0 di raccolta controllate ed individuare le fonti di scarti pi\u00f9 o meno idonei.<\/span><\/p>\n\n\n\n<p><br><strong><span style=\"text-decoration: underline;\"><span style=\"font-size: 14pt; color: #ff6600; text-decoration: underline;\">Il riciclo del polistirene a livello domestico<\/span><\/span><\/strong><\/p>\n\n\n\n<p><span style=\"font-size: 14pt;\">A livello domestico \u00e8 fondamentale che venga comunque diffusa una buona cultura del polistirolo, materiale ricilabile, e compresa l\u2019importanza di una corretta raccolta differenziata, anche se le quantit\u00e0 sono ridotte rispetto agli altri prodotti utilizzati dall\u2019industria e sia difficile tenere separati gli scarti sporchi \u2013 gli imballi impiegati per uso alimentare \u2013 dagli altri imballi, evitando commistioni con materiali diversi.<\/span><\/p>\n\n\n\n<h3><span style=\"font-size: 14pt;\"><strong>EPS e Economia Circolare<\/strong><\/span><\/h3>\n\n\n\n<p><span style=\"font-size: 14pt;\">E\u2019 interessante sottolineare come gi\u00e0 da prima che l&#8217;economia circolare divenisse un driver di sviluppo comunitario, il settore dell\u2019EPS nel processo di trasformazione fosse gi\u00e0 un circuito \u201ca zero rifiuti\u201d.<\/span><br><span style=\"font-size: 14pt;\"> L\u2019articolo 183 del D.Lgs 3 aprile 2006 n\u00b0 152, infatti, definisce <strong>rifiuto<\/strong> \u201cqualsiasi sostanza od oggetto di cui il detentore si disfi o abbia l\u2019intenzione o abbia l&#8217;obbligo di disfarsi\u201d.<\/span><\/p>\n\n\n\n<p><span style=\"font-size: 14pt;\">Gli sfridi di lavorazione e i ritagli che si generano dal processo di trasformazione dell\u2019EPS e i prodotti eventualmente non conformi vengono riutilizzati nel ciclo di trasformazione stesso rappresentando nuova materia prima e sono pi\u00f9 propriamente definiti nella legislazione vigente <strong>\u201csottoprodotti\u201d.<\/strong><\/span><br><span style=\"font-size: 14pt;\"> Questi scarti pre-consumo derivanti dalla produzione possono quindi anche essere immessi direttamente sul mercato senza pretrattamenti, salvo l\u2019eventuale macinazione o altre operazioni di riduzione volumetrica per via meccanica (compattazione per esempio), poich\u00e9 gi\u00e0 rispondenti ai requisiti merceologici del settore per ulteriori attivit\u00e0 di produzione\/trasformazione delle materie plastiche, essendo \u201cmaterie prime secondarie all\u2019origine\u201d che non subiscono nessuna contaminazione e che non contengono sostanze estranee.<\/span><br><span style=\"font-size: 14pt;\"> L&#8217;operatore che li produce, li trasporta, li riceve e li utilizza non \u00e8 tenuto a sottostare alla disciplina che regola la gestione dei rifiuti in quanto non sono considerati tali.<\/span><br><span style=\"font-size: 14pt;\"> Ecco perch\u00e9 la trasformazione dell&#8217;EPS costituisce un esempio di economia circolare ante litteram.<\/span><\/p>\n\n\n\n<p><span style=\"font-size: 14pt;\">Diverso \u00e8 lo scenario per l\u2019 <strong>EPS post-consumo<\/strong>, dei manufatti provenienti dal settore dell\u2019imballaggio o dell\u2019edilizia, i due comparti principali in cui trova applicazione il polistirolo espanso.<\/span><br><span style=\"font-size: 14pt;\"> Quelli provenienti dalle <strong>utenze domestiche<\/strong>, nei Comuni dove \u00e8 attiva la raccolta differenziata, vengono raccolti insieme agli imballaggi in plastica; quelli provenienti da <strong>utenze professionali<\/strong>, in genere, devono essere gestiti e presi in carico da una azienda autorizzata. Le imprese che gestiscono i rifiuti di materie plastiche e che operano una prima trasformazione, ad esempio, macinazione o compattazione del polistirene espanso post-consumo possono porre sul mercato una materia prima seconda (MPS) dichiarandola quindi non pi\u00f9 rifiuto in base alla UNI 10667.<\/span><br><span style=\"font-size: 14pt;\"> La chiusura di questo circuito dimostra che, anc<\/span><\/p>\n","protected":false},"excerpt":{"rendered":"<p>IL RICICLO DELL&#8217;EPS<\/p>\n<p>Il polistirene espanso (comunemente conosciuto come polistirene o a livello europeo come EPS) \u00e8 una materia plastica riciclabile meccanicamente praticamente all\u2019infinito, essendo un termoplastico e non un termoindurente. Il suo numero identificativo \u00e8 il numero 6, secondo il sistema di numerazione e abbreviazione che identifica i diversi materiali e comunemente si ritrova all\u2019interno del simbolo del riciclo \u201cciclo di Mobius\u201d.<\/p>\n<p> <a href=\"https:\/\/www.aipe.biz\/economia-circolare\/riciclo\/\">Leggi tutto<\/a><\/p>\n","protected":false},"author":108,"featured_media":0,"parent":0,"menu_order":0,"comment_status":"closed","ping_status":"closed","template":"page-template\/home-economia.php","meta":[],"acf":[],"yoast_head":"<!-- This site is optimized with the Yoast SEO plugin v19.7.1 - https:\/\/yoast.com\/wordpress\/plugins\/seo\/ -->\n<title>EPS materiale riciclabile | il polistirolo si ricicla - AIPE<\/title>\n<meta name=\"description\" content=\"Il polistirolo come si ricicla? Si parte dal recupero, riciclo e riutilizzo, per questo \u00e8 possibile applicare il concetto dell\u2019economia circolare alla filiera dell\u2019EPS.\" \/>\n<meta name=\"robots\" content=\"index, follow, max-snippet:-1, max-image-preview:large, max-video-preview:-1\" \/>\n<link rel=\"canonical\" href=\"https:\/\/www.aipe.biz\/economia-circolare\/riciclo\/\" \/>\n<meta property=\"og:locale\" content=\"it_IT\" \/>\n<meta property=\"og:type\" content=\"article\" \/>\n<meta property=\"og:title\" content=\"EPS materiale riciclabile | il polistirolo si ricicla - AIPE\" \/>\n<meta property=\"og:description\" content=\"Il polistirolo come si ricicla? Si parte dal recupero, riciclo e riutilizzo, per questo \u00e8 possibile applicare il concetto dell\u2019economia circolare alla filiera dell\u2019EPS.\" \/>\n<meta property=\"og:url\" content=\"https:\/\/www.aipe.biz\/economia-circolare\/riciclo\/\" \/>\n<meta property=\"og:site_name\" content=\"Economia Circolare\" \/>\n<meta property=\"article:modified_time\" content=\"2022-06-01T12:54:51+00:00\" \/>\n<meta name=\"twitter:card\" content=\"summary\" \/>\n<meta name=\"twitter:label1\" content=\"Tempo di lettura stimato\" \/>\n\t<meta name=\"twitter:data1\" content=\"4 minuti\" \/>\n<script type=\"application\/ld+json\" class=\"yoast-schema-graph\">{\"@context\":\"https:\/\/schema.org\",\"@graph\":[{\"@type\":\"WebPage\",\"@id\":\"https:\/\/www.aipe.biz\/economia-circolare\/riciclo\/\",\"url\":\"https:\/\/www.aipe.biz\/economia-circolare\/riciclo\/\",\"name\":\"EPS materiale riciclabile | il polistirolo si ricicla - AIPE\",\"isPartOf\":{\"@id\":\"https:\/\/www.aipe.biz\/economia-circolare\/#website\"},\"datePublished\":\"2022-06-01T12:50:02+00:00\",\"dateModified\":\"2022-06-01T12:54:51+00:00\",\"description\":\"Il polistirolo come si ricicla? Si parte dal recupero, riciclo e riutilizzo, per questo \u00e8 possibile applicare il concetto dell\u2019economia circolare alla filiera dell\u2019EPS.\",\"breadcrumb\":{\"@id\":\"https:\/\/www.aipe.biz\/economia-circolare\/riciclo\/#breadcrumb\"},\"inLanguage\":\"it-IT\",\"potentialAction\":[{\"@type\":\"ReadAction\",\"target\":[\"https:\/\/www.aipe.biz\/economia-circolare\/riciclo\/\"]}]},{\"@type\":\"BreadcrumbList\",\"@id\":\"https:\/\/www.aipe.biz\/economia-circolare\/riciclo\/#breadcrumb\",\"itemListElement\":[{\"@type\":\"ListItem\",\"position\":1,\"name\":\"Home\",\"item\":\"https:\/\/www.aipe.biz\/economia-circolare\/\"},{\"@type\":\"ListItem\",\"position\":2,\"name\":\"Riciclo\"}]},{\"@type\":\"WebSite\",\"@id\":\"https:\/\/www.aipe.biz\/economia-circolare\/#website\",\"url\":\"https:\/\/www.aipe.biz\/economia-circolare\/\",\"name\":\"Economia Circolare\",\"description\":\"\",\"publisher\":{\"@id\":\"https:\/\/www.aipe.biz\/economia-circolare\/#organization\"},\"potentialAction\":[{\"@type\":\"SearchAction\",\"target\":{\"@type\":\"EntryPoint\",\"urlTemplate\":\"https:\/\/www.aipe.biz\/economia-circolare\/?s={search_term_string}\"},\"query-input\":\"required name=search_term_string\"}],\"inLanguage\":\"it-IT\"},{\"@type\":\"Organization\",\"@id\":\"https:\/\/www.aipe.biz\/economia-circolare\/#organization\",\"name\":\"Aipe Associazione Italiana Polistirene Espanso\",\"url\":\"https:\/\/www.aipe.biz\/economia-circolare\/\",\"sameAs\":[],\"logo\":{\"@type\":\"ImageObject\",\"inLanguage\":\"it-IT\",\"@id\":\"https:\/\/www.aipe.biz\/economia-circolare\/#\/schema\/logo\/image\/\",\"url\":\"https:\/\/www.aipe.biz\/economia-circolare\/wp-content\/uploads\/sites\/5\/2022\/05\/cropped-AIPE_logo02-1.png\",\"contentUrl\":\"https:\/\/www.aipe.biz\/economia-circolare\/wp-content\/uploads\/sites\/5\/2022\/05\/cropped-AIPE_logo02-1.png\",\"width\":743,\"height\":250,\"caption\":\"Aipe Associazione Italiana Polistirene Espanso\"},\"image\":{\"@id\":\"https:\/\/www.aipe.biz\/economia-circolare\/#\/schema\/logo\/image\/\"}}]}<\/script>\n<!-- \/ Yoast SEO plugin. -->","yoast_head_json":{"title":"EPS materiale riciclabile | il polistirolo si ricicla - AIPE","description":"Il polistirolo come si ricicla? Si parte dal recupero, riciclo e riutilizzo, per questo \u00e8 possibile applicare il concetto dell\u2019economia circolare alla filiera dell\u2019EPS.","robots":{"index":"index","follow":"follow","max-snippet":"max-snippet:-1","max-image-preview":"max-image-preview:large","max-video-preview":"max-video-preview:-1"},"canonical":"https:\/\/www.aipe.biz\/economia-circolare\/riciclo\/","og_locale":"it_IT","og_type":"article","og_title":"EPS materiale riciclabile | il polistirolo si ricicla - AIPE","og_description":"Il polistirolo come si ricicla? Si parte dal recupero, riciclo e riutilizzo, per questo \u00e8 possibile applicare il concetto dell\u2019economia circolare alla filiera dell\u2019EPS.","og_url":"https:\/\/www.aipe.biz\/economia-circolare\/riciclo\/","og_site_name":"Economia Circolare","article_modified_time":"2022-06-01T12:54:51+00:00","twitter_card":"summary","twitter_misc":{"Tempo di lettura stimato":"4 minuti"},"schema":{"@context":"https:\/\/schema.org","@graph":[{"@type":"WebPage","@id":"https:\/\/www.aipe.biz\/economia-circolare\/riciclo\/","url":"https:\/\/www.aipe.biz\/economia-circolare\/riciclo\/","name":"EPS materiale riciclabile | il polistirolo si ricicla - AIPE","isPartOf":{"@id":"https:\/\/www.aipe.biz\/economia-circolare\/#website"},"datePublished":"2022-06-01T12:50:02+00:00","dateModified":"2022-06-01T12:54:51+00:00","description":"Il polistirolo come si ricicla? Si parte dal recupero, riciclo e riutilizzo, per questo \u00e8 possibile applicare il concetto dell\u2019economia circolare alla filiera dell\u2019EPS.","breadcrumb":{"@id":"https:\/\/www.aipe.biz\/economia-circolare\/riciclo\/#breadcrumb"},"inLanguage":"it-IT","potentialAction":[{"@type":"ReadAction","target":["https:\/\/www.aipe.biz\/economia-circolare\/riciclo\/"]}]},{"@type":"BreadcrumbList","@id":"https:\/\/www.aipe.biz\/economia-circolare\/riciclo\/#breadcrumb","itemListElement":[{"@type":"ListItem","position":1,"name":"Home","item":"https:\/\/www.aipe.biz\/economia-circolare\/"},{"@type":"ListItem","position":2,"name":"Riciclo"}]},{"@type":"WebSite","@id":"https:\/\/www.aipe.biz\/economia-circolare\/#website","url":"https:\/\/www.aipe.biz\/economia-circolare\/","name":"Economia Circolare","description":"","publisher":{"@id":"https:\/\/www.aipe.biz\/economia-circolare\/#organization"},"potentialAction":[{"@type":"SearchAction","target":{"@type":"EntryPoint","urlTemplate":"https:\/\/www.aipe.biz\/economia-circolare\/?s={search_term_string}"},"query-input":"required name=search_term_string"}],"inLanguage":"it-IT"},{"@type":"Organization","@id":"https:\/\/www.aipe.biz\/economia-circolare\/#organization","name":"Aipe Associazione Italiana Polistirene Espanso","url":"https:\/\/www.aipe.biz\/economia-circolare\/","sameAs":[],"logo":{"@type":"ImageObject","inLanguage":"it-IT","@id":"https:\/\/www.aipe.biz\/economia-circolare\/#\/schema\/logo\/image\/","url":"https:\/\/www.aipe.biz\/economia-circolare\/wp-content\/uploads\/sites\/5\/2022\/05\/cropped-AIPE_logo02-1.png","contentUrl":"https:\/\/www.aipe.biz\/economia-circolare\/wp-content\/uploads\/sites\/5\/2022\/05\/cropped-AIPE_logo02-1.png","width":743,"height":250,"caption":"Aipe Associazione Italiana Polistirene Espanso"},"image":{"@id":"https:\/\/www.aipe.biz\/economia-circolare\/#\/schema\/logo\/image\/"}}]}},"_links":{"self":[{"href":"https:\/\/www.aipe.biz\/economia-circolare\/wp-json\/wp\/v2\/pages\/1162"}],"collection":[{"href":"https:\/\/www.aipe.biz\/economia-circolare\/wp-json\/wp\/v2\/pages"}],"about":[{"href":"https:\/\/www.aipe.biz\/economia-circolare\/wp-json\/wp\/v2\/types\/page"}],"author":[{"embeddable":true,"href":"https:\/\/www.aipe.biz\/economia-circolare\/wp-json\/wp\/v2\/users\/108"}],"replies":[{"embeddable":true,"href":"https:\/\/www.aipe.biz\/economia-circolare\/wp-json\/wp\/v2\/comments?post=1162"}],"version-history":[{"count":3,"href":"https:\/\/www.aipe.biz\/economia-circolare\/wp-json\/wp\/v2\/pages\/1162\/revisions"}],"predecessor-version":[{"id":1166,"href":"https:\/\/www.aipe.biz\/economia-circolare\/wp-json\/wp\/v2\/pages\/1162\/revisions\/1166"}],"wp:attachment":[{"href":"https:\/\/www.aipe.biz\/economia-circolare\/wp-json\/wp\/v2\/media?parent=1162"}],"curies":[{"name":"wp","href":"https:\/\/api.w.org\/{rel}","templated":true}]}}