{"id":1195,"date":"2022-06-06T11:11:54","date_gmt":"2022-06-06T09:11:54","guid":{"rendered":"https:\/\/demo.aipe.biz\/economia-circolare\/?page_id=1195"},"modified":"2026-01-30T11:29:20","modified_gmt":"2026-01-30T10:29:20","slug":"crea-competenza-per-il-riciclo-eps-aipe","status":"publish","type":"page","link":"https:\/\/www.aipe.biz\/economia-circolare\/crea-competenza-per-il-riciclo-eps-aipe\/","title":{"rendered":"CREA &#8211; CENTRO DI COMPETENZA RICICLO EPS AIPE"},"content":{"rendered":"\n<h3 style=\"font-size:24px\"><strong>L&#8217;IMPEGNO DI AIPE NELLA SOSTENIBILIT\u00c0<\/strong><\/h3>\n\n\n\n<p style=\"font-size:19px\">Da molti anni AIPE dedica particolare attenzione al tema del riciclo dell\u2019EPS e al suo impatto ambientale lungo l&#8217;intero ciclo di vita. Questo impegno \u00e8 testimoniato da numerose iniziative promosse dall\u2019Associazione nel tempo. Risale a oltre 15 anni fa il primo <strong>calcolo dei parametri di sostenibilit\u00e0 dell\u2019EPS<\/strong>, finalizzato a determinare il Life Cycle Assessment (LCA) per imballaggio ed edilizia.<\/p>\n\n\n\n<p style=\"font-size:19px\">Dal 2003 AIPE \u00e8 concretamente impegnata nella collaborazione con i consorzi <strong>COREPLA<\/strong> e <strong>ASSORIMAP<\/strong> per la promozione del recupero e riciclo dell\u2019EPS post consumo su tutto il territorio nazionale. Parallelamente l&#8217;Associazione partecipa a numerose iniziative a livello nazionale ed europeo contribuendo allo sviluppo di progetti dedicati al riciclo del polistirene espanso, con l&#8217;obiettivo di trasformare il rifiuto in materia prima seconda, attraverso le diverse tecnologie attualmente disponibili che permettono di riciclare l\u2019EPS nel post-uso.<\/p>\n\n\n\n<p style=\"font-size:19px\">Le attivit\u00e0, le collaborazioni e i progetti sviluppati nel corso degli anni, insieme alle competenze tecniche e scientifiche, rendono oggi <mark style=\"background-color:rgba(0, 0, 0, 0)\" class=\"has-inline-color has-luminous-vivid-orange-color\">AIPE un punto di riferimento anche in materia di recupero e riciclo del polistirene espanso.<\/mark> <\/p>\n\n\n\n<p class=\"has-medium-font-size\">Nel 2018 l&#8217;Associazione ha inoltre dato vita a <strong>CREA &#8211; Centro di Competenza Riciclo EPS<\/strong> <strong>AIPE<\/strong>, con l&#8217;obiettivo di migliorare la raccolta, il riciclo e la gestione degli scarti industriali e dei prodotti in EPS dopo l&#8217;uso. <strong>CREA promuove Best Practice di filiera, sperimenta nuovi modelli di raccolta e favorisce l&#8217;aggregazione di competenze tecnico-scientifiche<\/strong>, contribuendo in modo concreto all&#8217;evoluzione e alla sostenibilit\u00e0 dell&#8217;industria dell&#8217;EPS. <\/p>\n\n\n\n<p class=\"has-medium-font-size\">Recuperare e riciclare correttamente i prodotti in polistirolo significa evitare gli sprechi e dare una seconda vita all&#8217;EPS,  contribuendo concretamente alla tutela dell&#8217;ambiente e al benessere delle persone. I rifiuti in polistirene espanso sono completamente riciclabili.  Nonostante ci\u00f2, permangono ancora dubbi sulla corretta destinazione del materiale al momento della raccolta differenziata. Proprio per far chiarezza su questo aspetto, CREA \u00e8 altres\u00ec impegnata nella promozione di buone pratiche di raccolta e riciclo dell&#8217;EPS sul territorio. I prodotti in polistirolo sono infatti facilmente riconoscibili grazie a una vera e propria &#8220;carta d&#8217;identit\u00e0&#8221; del materiale, semplice e immediata, che ne facilita l&#8217;identificazione, al fine di raccolta e riciclo. <\/p>\n\n\n\n<p><\/p>\n\n\n\n<p style=\"font-size:19px\">Dalle vaschette in polistirolo termoisolanti per il gelato, alle cassette per il pesce, che mantengono inalterate a lungo la freschezza del pescato, ai contenitori per frutta e verdura che preservano la sicurezza degli alimenti freschi, agli imballi tecnici di ogni genere \u2026 Svariati e molteplici sono i prodotti in EPS che devono essere raccolti e poi conferiti nella raccolta differenziata della plastica, salvo diverse indicazioni del comune di residenza. <\/p>\n\n\n\n<p class=\"has-medium-font-size\"><mark style=\"background-color:rgba(0, 0, 0, 0)\" class=\"has-inline-color has-luminous-vivid-orange-color\">I prodotti in polistirolo si riciclano al 100% e infinite volte per realizzare nuovi materiali in EPS, performanti come l&#8217;originale!<\/mark> <br><\/p>\n\n\n\n<h3 style=\"font-size:24px\"><strong>COLLABORAZIONE AIPE \u2013 COREPLA<\/strong><\/h3>\n\n\n\n<p style=\"font-size:19px\">La collaborazione con <strong>COREPLA<\/strong> (Consorzio Nazionale per la Raccolta, il Riciclaggio e il Recupero dei rifiuti di imballaggio in plastica) ha portato alla stesura di un accordo fra il Consorzio stesso e AIPE per la raccolta selettiva dell\u2019EPS sul territorio nazionale di imballi post-uso per il recupero e il riciclo attraverso le PEPS (piattaforme specializzate nella raccolta e riciclo degli imballaggi in EPS).<\/p>\n\n\n\n<p style=\"font-size:19px\">COREPLA si occupa prevalentemente del <strong>ritiro e avvio a riciclo\/recupero<\/strong> della raccolta differenziata urbana, svolta nell\u2019ambito del servizio pubblico e gestita tramite l\u2019<strong>Accordo Quadro ANCI-CONAI<\/strong>. Per quanto concerne invece altri flussi di rifiuti di imballaggi in plastica generati su superfici private nell\u2019ambito di attivit\u00e0 produttive (industria, artigianato, commercio, servizi) che non vengono gestite dal servizio pubblico di raccolta (quindi \u201cnon assimilati ai rifiuti urbani\u201d e qualificati come \u201crifiuti speciali\u201d) le imprese di recupero\/riciclo sono in genere interessate ad assicurarsene la gestione in totale autonomia. Nei casi per\u00f2 in cui il mercato non trovi margini di redditivit\u00e0 rispetto a talune tipologie di rifiuti di imballaggi in plastica (esclusivamente post-consumo) prodotti dalle Imprese, il Consorzio svolge un ruolo sussidiario mettendo a loro disposizione una rete di Piattaforme per il ritiro\/conferimento gratuito.<\/p>\n\n\n\n<p style=\"font-size:19px\"><strong><mark style=\"background-color:rgba(0, 0, 0, 0)\" class=\"has-inline-color has-luminous-vivid-orange-color\"><span style=\"text-decoration: underline\" class=\"underline\">Le piattaforme PEPS di COREPLA<\/span><\/mark><\/strong><\/p>\n\n\n\n<p style=\"font-size:19px\">Le piattaforme PEPS diffuse sul territorio nazionale sono specializzate nella raccolta degli imballaggi di polistirene espanso. Tali impianti, legati da specifico contratto con COREPLA, ricevono e\/o ritirano gratuitamente, nel rispetto di specifiche e limiti prestabiliti, rifiuti di imballaggi in EPS (Condizioni: codice CER 15.01.02 &#8211; Imballaggi in plastica).<\/p>\n\n\n\n<h3 style=\"font-size:24px\"><strong>IL PROCESSO DI CONFERIMENTO DELL&#8217;EPS PREVISTO DALL&#8217;ACCORDO QUADRO AIPE-COREPLA<\/strong><\/h3>\n\n\n\n<p style=\"font-size:19px\">Il processo avviene attraverso le seguenti fasi:<\/p>\n\n\n\n<p style=\"font-size:19px\"><strong><mark style=\"background-color:rgba(0, 0, 0, 0)\" class=\"has-inline-color has-luminous-vivid-orange-color\"><span style=\"text-decoration: underline\" class=\"underline\">Conferimento<\/span><\/mark><\/strong><br>Le piattaforme per la raccolta di imballaggi in EPS (PEPS) operano mediante tre tipi di conferimento:<\/p>\n\n\n\n<ul style=\"font-size:19px\"><li><mark style=\"background-color:rgba(0, 0, 0, 0)\" class=\"has-inline-color has-luminous-vivid-orange-color\">Da parte di imprese utilizzatrici di imballaggi in EPS<\/mark>:\u00a0Le PEPS infatti ricevono il materiale senza pretendere nulla. Non sono riconosciuti ritorni economici n\u00e9 al conferente n\u00e9 a COREPLA;<\/li><li><mark style=\"background-color:rgba(0, 0, 0, 0)\" class=\"has-inline-color has-luminous-vivid-orange-color\">Da parte di imprese convenzionate con COREPLA<\/mark> per raccolte differenziate (rifiuti provenienti da servizi pubblici) anche questo servizio \u00e8 a titolo gratuito. Non sono riconosciuti ritorni economici n\u00e9 al conferente n\u00e9 a COREPLA;<\/li><li><mark style=\"background-color:rgba(0, 0, 0, 0)\" class=\"has-inline-color has-luminous-vivid-orange-color\">Ritiro di materiali effettuati fatto dalle PEPS su indicazione COREPLA<\/mark> presso Centri selezione (CSS), Piattaforme (PIA), Centri selezione privati, Grandi produttori di rifiuti di imballi.<br>COREPLA riconosce alle PEPS un rimborso per le spese di trasporto.<\/li><\/ul>\n\n\n\n<h3 style=\"font-size:24px\"><strong>ELENCO PEPS<\/strong><\/h3>\n\n\n\n<p style=\"font-size:19px\">Le <strong>PEPS <\/strong>(<strong>piattaforme per il riciclo dell&#8217;EPS<\/strong> <strong>di cui fanno parte anche alcune aziende associate AIPE<\/strong>), diffuse in tutto il Paese, sono specializzate nella raccolta di rifiuti di imballi in polistirene espanso). Questi impianti, collegati da un contratto specifico con <strong>COREPLA<\/strong>, ricevono e\/o raccolgono, nel rispetto delle specifiche e dei limiti prestabiliti.<br>Gli imballaggi domestici in polistirene vengono raccolti con differenziata dai Comuni e in seguito vengono trasportati ai centri di selezione di COREPLA.<\/p>\n\n\n\n<p style=\"font-size:19px\"><\/p>\n\n\n<div class=\"wp-block-image\">\n<figure class=\"aligncenter size-full\"><img loading=\"lazy\" width=\"436\" height=\"703\" src=\"https:\/\/www.aipe.biz\/economia-circolare\/wp-content\/uploads\/sites\/5\/2026\/01\/PEPS-26.png\" alt=\"\" class=\"wp-image-1730\" srcset=\"https:\/\/www.aipe.biz\/economia-circolare\/wp-content\/uploads\/sites\/5\/2026\/01\/PEPS-26.png 436w, https:\/\/www.aipe.biz\/economia-circolare\/wp-content\/uploads\/sites\/5\/2026\/01\/PEPS-26-186x300.png 186w\" sizes=\"(max-width: 436px) 100vw, 436px\" \/><\/figure><\/div>","protected":false},"excerpt":{"rendered":"<p>L&#8217;IMPEGNO DI AIPE NELLA SOSTENIBILIT\u00c0<\/p>\n<p style=\"font-size:19px\">Da molti anni AIPE dedica particolare attenzione al tema del riciclo dell\u2019EPS e al suo impatto ambientale lungo l&#8217;intero ciclo di vita. Questo impegno \u00e8 testimoniato da numerose iniziative promosse dall\u2019Associazione nel tempo. Risale a oltre 15 anni fa il primo calcolo dei parametri di sostenibilit\u00e0 dell\u2019EPS,<\/p>\n<p> <a href=\"https:\/\/www.aipe.biz\/economia-circolare\/crea-competenza-per-il-riciclo-eps-aipe\/\">Leggi tutto<\/a><\/p>\n","protected":false},"author":108,"featured_media":0,"parent":0,"menu_order":0,"comment_status":"closed","ping_status":"closed","template":"","meta":[],"acf":[],"yoast_head":"<!-- This site is optimized with the Yoast SEO plugin v19.7.1 - https:\/\/yoast.com\/wordpress\/plugins\/seo\/ -->\n<title>CREA - CENTRO DI COMPETENZA RICICLO EPS AIPE - Economia Circolare<\/title>\n<meta name=\"robots\" content=\"index, follow, max-snippet:-1, max-image-preview:large, max-video-preview:-1\" \/>\n<link rel=\"canonical\" href=\"https:\/\/www.aipe.biz\/economia-circolare\/crea-competenza-per-il-riciclo-eps-aipe\/\" \/>\n<meta property=\"og:locale\" content=\"it_IT\" \/>\n<meta property=\"og:type\" content=\"article\" \/>\n<meta property=\"og:title\" content=\"CREA - CENTRO DI COMPETENZA RICICLO EPS AIPE - Economia Circolare\" \/>\n<meta property=\"og:description\" content=\"L&#8217;IMPEGNO DI AIPE NELLA SOSTENIBILIT\u00c0  Da molti anni AIPE dedica particolare attenzione al tema del riciclo dell\u2019EPS e al suo impatto ambientale lungo l&#8217;intero ciclo di vita. Questo impegno \u00e8 testimoniato da numerose iniziative promosse dall\u2019Associazione nel tempo. Risale a oltre 15 anni fa il primo calcolo dei parametri di sostenibilit\u00e0 dell\u2019EPS, Leggi tutto\" \/>\n<meta property=\"og:url\" content=\"https:\/\/www.aipe.biz\/economia-circolare\/crea-competenza-per-il-riciclo-eps-aipe\/\" \/>\n<meta property=\"og:site_name\" content=\"Economia Circolare\" \/>\n<meta property=\"article:modified_time\" content=\"2026-01-30T10:29:20+00:00\" \/>\n<meta property=\"og:image\" content=\"https:\/\/www.aipe.biz\/economia-circolare\/wp-content\/uploads\/sites\/5\/2026\/01\/PEPS-26.png\" \/>\n<meta name=\"twitter:card\" content=\"summary\" \/>\n<meta name=\"twitter:label1\" content=\"Tempo di lettura stimato\" \/>\n\t<meta name=\"twitter:data1\" content=\"5 minuti\" \/>\n<script type=\"application\/ld+json\" class=\"yoast-schema-graph\">{\"@context\":\"https:\/\/schema.org\",\"@graph\":[{\"@type\":\"WebPage\",\"@id\":\"https:\/\/www.aipe.biz\/economia-circolare\/crea-competenza-per-il-riciclo-eps-aipe\/\",\"url\":\"https:\/\/www.aipe.biz\/economia-circolare\/crea-competenza-per-il-riciclo-eps-aipe\/\",\"name\":\"CREA - CENTRO DI COMPETENZA RICICLO EPS AIPE - Economia Circolare\",\"isPartOf\":{\"@id\":\"https:\/\/www.aipe.biz\/economia-circolare\/#website\"},\"datePublished\":\"2022-06-06T09:11:54+00:00\",\"dateModified\":\"2026-01-30T10:29:20+00:00\",\"breadcrumb\":{\"@id\":\"https:\/\/www.aipe.biz\/economia-circolare\/crea-competenza-per-il-riciclo-eps-aipe\/#breadcrumb\"},\"inLanguage\":\"it-IT\",\"potentialAction\":[{\"@type\":\"ReadAction\",\"target\":[\"https:\/\/www.aipe.biz\/economia-circolare\/crea-competenza-per-il-riciclo-eps-aipe\/\"]}]},{\"@type\":\"BreadcrumbList\",\"@id\":\"https:\/\/www.aipe.biz\/economia-circolare\/crea-competenza-per-il-riciclo-eps-aipe\/#breadcrumb\",\"itemListElement\":[{\"@type\":\"ListItem\",\"position\":1,\"name\":\"Home\",\"item\":\"https:\/\/www.aipe.biz\/economia-circolare\/\"},{\"@type\":\"ListItem\",\"position\":2,\"name\":\"CREA &#8211; CENTRO DI COMPETENZA RICICLO EPS AIPE\"}]},{\"@type\":\"WebSite\",\"@id\":\"https:\/\/www.aipe.biz\/economia-circolare\/#website\",\"url\":\"https:\/\/www.aipe.biz\/economia-circolare\/\",\"name\":\"Economia Circolare\",\"description\":\"\",\"publisher\":{\"@id\":\"https:\/\/www.aipe.biz\/economia-circolare\/#organization\"},\"potentialAction\":[{\"@type\":\"SearchAction\",\"target\":{\"@type\":\"EntryPoint\",\"urlTemplate\":\"https:\/\/www.aipe.biz\/economia-circolare\/?s={search_term_string}\"},\"query-input\":\"required name=search_term_string\"}],\"inLanguage\":\"it-IT\"},{\"@type\":\"Organization\",\"@id\":\"https:\/\/www.aipe.biz\/economia-circolare\/#organization\",\"name\":\"Aipe Associazione Italiana Polistirene Espanso\",\"url\":\"https:\/\/www.aipe.biz\/economia-circolare\/\",\"sameAs\":[],\"logo\":{\"@type\":\"ImageObject\",\"inLanguage\":\"it-IT\",\"@id\":\"https:\/\/www.aipe.biz\/economia-circolare\/#\/schema\/logo\/image\/\",\"url\":\"https:\/\/www.aipe.biz\/economia-circolare\/wp-content\/uploads\/sites\/5\/2022\/05\/cropped-AIPE_logo02-1.png\",\"contentUrl\":\"https:\/\/www.aipe.biz\/economia-circolare\/wp-content\/uploads\/sites\/5\/2022\/05\/cropped-AIPE_logo02-1.png\",\"width\":743,\"height\":250,\"caption\":\"Aipe Associazione Italiana Polistirene Espanso\"},\"image\":{\"@id\":\"https:\/\/www.aipe.biz\/economia-circolare\/#\/schema\/logo\/image\/\"}}]}<\/script>\n<!-- \/ Yoast SEO plugin. -->","yoast_head_json":{"title":"CREA - CENTRO DI COMPETENZA RICICLO EPS AIPE - Economia Circolare","robots":{"index":"index","follow":"follow","max-snippet":"max-snippet:-1","max-image-preview":"max-image-preview:large","max-video-preview":"max-video-preview:-1"},"canonical":"https:\/\/www.aipe.biz\/economia-circolare\/crea-competenza-per-il-riciclo-eps-aipe\/","og_locale":"it_IT","og_type":"article","og_title":"CREA - CENTRO DI COMPETENZA RICICLO EPS AIPE - Economia Circolare","og_description":"L&#8217;IMPEGNO DI AIPE NELLA SOSTENIBILIT\u00c0  Da molti anni AIPE dedica particolare attenzione al tema del riciclo dell\u2019EPS e al suo impatto ambientale lungo l&#8217;intero ciclo di vita. Questo impegno \u00e8 testimoniato da numerose iniziative promosse dall\u2019Associazione nel tempo. Risale a oltre 15 anni fa il primo calcolo dei parametri di sostenibilit\u00e0 dell\u2019EPS, Leggi tutto","og_url":"https:\/\/www.aipe.biz\/economia-circolare\/crea-competenza-per-il-riciclo-eps-aipe\/","og_site_name":"Economia Circolare","article_modified_time":"2026-01-30T10:29:20+00:00","og_image":[{"url":"https:\/\/www.aipe.biz\/economia-circolare\/wp-content\/uploads\/sites\/5\/2026\/01\/PEPS-26.png"}],"twitter_card":"summary","twitter_misc":{"Tempo di lettura stimato":"5 minuti"},"schema":{"@context":"https:\/\/schema.org","@graph":[{"@type":"WebPage","@id":"https:\/\/www.aipe.biz\/economia-circolare\/crea-competenza-per-il-riciclo-eps-aipe\/","url":"https:\/\/www.aipe.biz\/economia-circolare\/crea-competenza-per-il-riciclo-eps-aipe\/","name":"CREA - CENTRO DI COMPETENZA RICICLO EPS AIPE - Economia Circolare","isPartOf":{"@id":"https:\/\/www.aipe.biz\/economia-circolare\/#website"},"datePublished":"2022-06-06T09:11:54+00:00","dateModified":"2026-01-30T10:29:20+00:00","breadcrumb":{"@id":"https:\/\/www.aipe.biz\/economia-circolare\/crea-competenza-per-il-riciclo-eps-aipe\/#breadcrumb"},"inLanguage":"it-IT","potentialAction":[{"@type":"ReadAction","target":["https:\/\/www.aipe.biz\/economia-circolare\/crea-competenza-per-il-riciclo-eps-aipe\/"]}]},{"@type":"BreadcrumbList","@id":"https:\/\/www.aipe.biz\/economia-circolare\/crea-competenza-per-il-riciclo-eps-aipe\/#breadcrumb","itemListElement":[{"@type":"ListItem","position":1,"name":"Home","item":"https:\/\/www.aipe.biz\/economia-circolare\/"},{"@type":"ListItem","position":2,"name":"CREA &#8211; CENTRO DI COMPETENZA RICICLO EPS AIPE"}]},{"@type":"WebSite","@id":"https:\/\/www.aipe.biz\/economia-circolare\/#website","url":"https:\/\/www.aipe.biz\/economia-circolare\/","name":"Economia Circolare","description":"","publisher":{"@id":"https:\/\/www.aipe.biz\/economia-circolare\/#organization"},"potentialAction":[{"@type":"SearchAction","target":{"@type":"EntryPoint","urlTemplate":"https:\/\/www.aipe.biz\/economia-circolare\/?s={search_term_string}"},"query-input":"required name=search_term_string"}],"inLanguage":"it-IT"},{"@type":"Organization","@id":"https:\/\/www.aipe.biz\/economia-circolare\/#organization","name":"Aipe Associazione Italiana Polistirene Espanso","url":"https:\/\/www.aipe.biz\/economia-circolare\/","sameAs":[],"logo":{"@type":"ImageObject","inLanguage":"it-IT","@id":"https:\/\/www.aipe.biz\/economia-circolare\/#\/schema\/logo\/image\/","url":"https:\/\/www.aipe.biz\/economia-circolare\/wp-content\/uploads\/sites\/5\/2022\/05\/cropped-AIPE_logo02-1.png","contentUrl":"https:\/\/www.aipe.biz\/economia-circolare\/wp-content\/uploads\/sites\/5\/2022\/05\/cropped-AIPE_logo02-1.png","width":743,"height":250,"caption":"Aipe Associazione Italiana Polistirene Espanso"},"image":{"@id":"https:\/\/www.aipe.biz\/economia-circolare\/#\/schema\/logo\/image\/"}}]}},"_links":{"self":[{"href":"https:\/\/www.aipe.biz\/economia-circolare\/wp-json\/wp\/v2\/pages\/1195"}],"collection":[{"href":"https:\/\/www.aipe.biz\/economia-circolare\/wp-json\/wp\/v2\/pages"}],"about":[{"href":"https:\/\/www.aipe.biz\/economia-circolare\/wp-json\/wp\/v2\/types\/page"}],"author":[{"embeddable":true,"href":"https:\/\/www.aipe.biz\/economia-circolare\/wp-json\/wp\/v2\/users\/108"}],"replies":[{"embeddable":true,"href":"https:\/\/www.aipe.biz\/economia-circolare\/wp-json\/wp\/v2\/comments?post=1195"}],"version-history":[{"count":82,"href":"https:\/\/www.aipe.biz\/economia-circolare\/wp-json\/wp\/v2\/pages\/1195\/revisions"}],"predecessor-version":[{"id":1788,"href":"https:\/\/www.aipe.biz\/economia-circolare\/wp-json\/wp\/v2\/pages\/1195\/revisions\/1788"}],"wp:attachment":[{"href":"https:\/\/www.aipe.biz\/economia-circolare\/wp-json\/wp\/v2\/media?parent=1195"}],"curies":[{"name":"wp","href":"https:\/\/api.w.org\/{rel}","templated":true}]}}