{"id":625,"date":"2020-07-03T11:33:47","date_gmt":"2020-07-03T09:33:47","guid":{"rendered":"https:\/\/www.aipe.biz\/economia-circolare\/?page_id=625"},"modified":"2022-06-08T11:35:52","modified_gmt":"2022-06-08T09:35:52","slug":"polistirolo-sicurezza-e-protezione","status":"publish","type":"page","link":"https:\/\/www.aipe.biz\/economia-circolare\/polistirolo-sicurezza-e-protezione\/","title":{"rendered":"Polistirolo: Sicurezza e Protezione"},"content":{"rendered":"\n<hr class=\"wp-block-separator has-text-color has-white-color has-alpha-channel-opacity has-white-background-color has-background\"\/>\n\n\n\n<figure class=\"wp-block-image size-large\"><img loading=\"lazy\" width=\"1024\" height=\"427\" src=\"https:\/\/www.aipe.biz\/economia-circolare\/wp-content\/uploads\/sites\/5\/2020\/07\/casco-bambina-polistirolo-1-1024x427.jpg\" alt=\"\" class=\"wp-image-733\" srcset=\"https:\/\/www.aipe.biz\/economia-circolare\/wp-content\/uploads\/sites\/5\/2020\/07\/casco-bambina-polistirolo-1-1024x427.jpg 1024w, https:\/\/www.aipe.biz\/economia-circolare\/wp-content\/uploads\/sites\/5\/2020\/07\/casco-bambina-polistirolo-1-300x125.jpg 300w, https:\/\/www.aipe.biz\/economia-circolare\/wp-content\/uploads\/sites\/5\/2020\/07\/casco-bambina-polistirolo-1-768x320.jpg 768w, https:\/\/www.aipe.biz\/economia-circolare\/wp-content\/uploads\/sites\/5\/2020\/07\/casco-bambina-polistirolo-1.jpg 1920w\" sizes=\"(max-width: 706px) 89vw, (max-width: 767px) 82vw, 740px\" \/><\/figure>\n\n\n\n<h3><span style=\"font-size: 14pt;\"><span style=\"font-size: 18pt;\">POLISTIROLO. INFINITE VITE DI SICUREZZA E PROTEZIONE<\/span><\/span><\/h3>\n\n\n\n<p><span style=\"font-size: 14pt;\">Il polistirolo, il cui nome scientifico \u00e8 EPS (Polistirene Espanso Sinterizzato) \u00e8 un materiale riciclabile e innovativo utilizzato in applicazioni molto diversificate e speciali quali ad esempio le calotte protettive interne del casco!<\/span><\/p>\n\n\n\n<h3><span style=\"font-size: 18pt;\">L\u2019EPS nei caschi ti protegge<\/span><\/h3>\n\n\n\n<p><span style=\"font-size: 14pt;\">Forse non tutti sanno che la calotta interna in EPS dei caschi \u00e8 l\u2019elemento essenziale di questo accessorio protettivo. E\u2019 infatti demandato all\u2019EPS il compito di attutire e assorbire i colpi proteggendo cos\u00ec la testa dagli impatti.<\/span><\/p>\n\n\n\n<p><span style=\"font-size: 14pt;\">Visto quanto \u00e8 importante l\u2019EPS per la tua sicurezza in moto e in bicicletta?!<\/span><br><em><strong><span style=\"font-size: 14pt;\">Ricorda!<\/span><\/strong><\/em><br><span style=\"font-size: 14pt; color: #ff6600;\">Le propriet\u00e0 e capacit\u00e0 di assorbimento ai colpi dell\u2019EPS contribuiscono a garantire Sicurezza e Protezione da urti.<\/span><\/p>\n\n\n\n<h3><span style=\"font-size: 18pt;\">Il polistirolo \u00e8 un materiale straordiniario<\/span><\/h3>\n\n\n\n<p><span style=\"font-size: 14pt;\">Ma il polistirolo non si ferma qui!<\/span><br><span style=\"font-size: 14pt;\">Grazie alle sue caratteristiche di leggerezza e resistenza, l\u2019EPS \u00e8 particolarmente utilizzato in differenti contesti applicativi quali le imbottiture dei seggiolini-auto per bambini, valvole idrauliche, convogliatori, galleggianti per lavatrici, pannelli ad alta densit\u00e0 per porte e gusci isolanti per boiler, borse frigo, cassette wc e molto altro.<\/span><\/p>\n\n\n\n<h3><span style=\"font-size: 18pt;\">Il polistirolo \u00e8 riciclabile e riciclato all\u2019infinito<\/span><\/h3>\n\n\n\n<p><span style=\"font-size: 14pt;\">I prodotti realizzati in EPS (polistirene), a fine utilizzo, vanno conferiti nella raccolta differenziata per essere riciclati al 100% generando nuovamente materia prima che dar\u00e0 vita a nuovi prodotti. E cos\u00ec all\u2019infinito. Per questo L\u2019EPS contribuisce in modo consistente alla sostenibilit\u00e0 ambientale con un reale esempio di economia circolare.<\/span><br><strong><span style=\"font-size: 14pt; color: #ff6600;\">Riciclare correttamente il polistirolo nella raccolta differenziata della plastica consente di garantire questo processo circolare!<\/span><\/strong><\/p>\n\n\n\n<p><strong><span style=\"font-size: 14pt;\">Guarda il filmato!<\/span><\/strong><\/p>\n","protected":false},"excerpt":{"rendered":"<p><img loading=\"lazy\" width=\"1024\" height=\"427\" src=\"https:\/\/www.aipe.biz\/economia-circolare\/wp-content\/uploads\/sites\/5\/2020\/07\/casco-bambina-polistirolo-1-1024x427.jpg\" alt=\"\" class=\"wp-image-733\" srcset=\"https:\/\/www.aipe.biz\/economia-circolare\/wp-content\/uploads\/sites\/5\/2020\/07\/casco-bambina-polistirolo-1-1024x427.jpg 1024w, https:\/\/www.aipe.biz\/economia-circolare\/wp-content\/uploads\/sites\/5\/2020\/07\/casco-bambina-polistirolo-1-300x125.jpg 300w, https:\/\/www.aipe.biz\/economia-circolare\/wp-content\/uploads\/sites\/5\/2020\/07\/casco-bambina-polistirolo-1-768x320.jpg 768w, https:\/\/www.aipe.biz\/economia-circolare\/wp-content\/uploads\/sites\/5\/2020\/07\/casco-bambina-polistirolo-1.jpg 1920w\" sizes=\"(max-width: 706px) 89vw, (max-width: 767px) 82vw, 740px\" \/><\/p>\n<p>POLISTIROLO. INFINITE VITE DI SICUREZZA E PROTEZIONE<\/p>\n<p>Il polistirolo, il cui nome scientifico \u00e8 EPS (Polistirene Espanso Sinterizzato) \u00e8 un materiale riciclabile e innovativo utilizzato in applicazioni molto diversificate e speciali quali ad esempio le calotte protettive interne del casco!<\/p>\n<p>L\u2019EPS nei caschi ti protegge<\/p>\n<p>Forse non tutti sanno che la calotta interna in EPS dei caschi \u00e8 l\u2019elemento essenziale di questo accessorio protettivo.<\/p>\n<p> <a href=\"https:\/\/www.aipe.biz\/economia-circolare\/polistirolo-sicurezza-e-protezione\/\">Leggi tutto<\/a><\/p>\n","protected":false},"author":95,"featured_media":0,"parent":0,"menu_order":0,"comment_status":"closed","ping_status":"closed","template":"page-template\/home-economia.php","meta":[],"acf":[],"yoast_head":"<!-- This site is optimized with the Yoast SEO plugin v19.7.1 - https:\/\/yoast.com\/wordpress\/plugins\/seo\/ -->\n<title>Sicurezza\u00a0e Protezione con il polistirolo - AIPE<\/title>\n<meta name=\"description\" content=\"Il polistirolo ad alta densit\u00e0 protegge di urti e cadute, \u00e8 utilizzato nel caschi di moto e bici, \u00e8 riciclabile e va buttato nella plastica\" \/>\n<meta name=\"robots\" content=\"index, follow, max-snippet:-1, max-image-preview:large, max-video-preview:-1\" \/>\n<link rel=\"canonical\" href=\"https:\/\/www.aipe.biz\/economia-circolare\/polistirolo-sicurezza-e-protezione\/\" \/>\n<meta property=\"og:locale\" content=\"it_IT\" \/>\n<meta property=\"og:type\" content=\"article\" \/>\n<meta property=\"og:title\" content=\"Sicurezza\u00a0e Protezione con il polistirolo - AIPE\" \/>\n<meta property=\"og:description\" content=\"Il polistirolo ad alta densit\u00e0 protegge di urti e cadute, \u00e8 utilizzato nel caschi di moto e bici, \u00e8 riciclabile e va buttato nella plastica\" \/>\n<meta property=\"og:url\" content=\"https:\/\/www.aipe.biz\/economia-circolare\/polistirolo-sicurezza-e-protezione\/\" \/>\n<meta property=\"og:site_name\" content=\"Economia Circolare\" \/>\n<meta property=\"article:modified_time\" content=\"2022-06-08T09:35:52+00:00\" \/>\n<meta property=\"og:image\" content=\"https:\/\/www.aipe.biz\/economia-circolare\/wp-content\/uploads\/sites\/5\/2020\/07\/casco-bambina-polistirolo-1-1024x427.jpg\" \/>\n<meta name=\"twitter:card\" content=\"summary\" \/>\n<meta name=\"twitter:label1\" content=\"Tempo di lettura stimato\" \/>\n\t<meta name=\"twitter:data1\" content=\"2 minuti\" \/>\n<script type=\"application\/ld+json\" class=\"yoast-schema-graph\">{\"@context\":\"https:\/\/schema.org\",\"@graph\":[{\"@type\":\"WebPage\",\"@id\":\"https:\/\/www.aipe.biz\/economia-circolare\/polistirolo-sicurezza-e-protezione\/\",\"url\":\"https:\/\/www.aipe.biz\/economia-circolare\/polistirolo-sicurezza-e-protezione\/\",\"name\":\"Sicurezza\u00a0e Protezione con il polistirolo - AIPE\",\"isPartOf\":{\"@id\":\"https:\/\/www.aipe.biz\/economia-circolare\/#website\"},\"datePublished\":\"2020-07-03T09:33:47+00:00\",\"dateModified\":\"2022-06-08T09:35:52+00:00\",\"description\":\"Il polistirolo ad alta densit\u00e0 protegge di urti e cadute, \u00e8 utilizzato nel caschi di moto e bici, \u00e8 riciclabile e va buttato nella plastica\",\"breadcrumb\":{\"@id\":\"https:\/\/www.aipe.biz\/economia-circolare\/polistirolo-sicurezza-e-protezione\/#breadcrumb\"},\"inLanguage\":\"it-IT\",\"potentialAction\":[{\"@type\":\"ReadAction\",\"target\":[\"https:\/\/www.aipe.biz\/economia-circolare\/polistirolo-sicurezza-e-protezione\/\"]}]},{\"@type\":\"BreadcrumbList\",\"@id\":\"https:\/\/www.aipe.biz\/economia-circolare\/polistirolo-sicurezza-e-protezione\/#breadcrumb\",\"itemListElement\":[{\"@type\":\"ListItem\",\"position\":1,\"name\":\"Home\",\"item\":\"https:\/\/www.aipe.biz\/economia-circolare\/\"},{\"@type\":\"ListItem\",\"position\":2,\"name\":\"Polistirolo: Sicurezza e Protezione\"}]},{\"@type\":\"WebSite\",\"@id\":\"https:\/\/www.aipe.biz\/economia-circolare\/#website\",\"url\":\"https:\/\/www.aipe.biz\/economia-circolare\/\",\"name\":\"Economia Circolare\",\"description\":\"\",\"publisher\":{\"@id\":\"https:\/\/www.aipe.biz\/economia-circolare\/#organization\"},\"potentialAction\":[{\"@type\":\"SearchAction\",\"target\":{\"@type\":\"EntryPoint\",\"urlTemplate\":\"https:\/\/www.aipe.biz\/economia-circolare\/?s={search_term_string}\"},\"query-input\":\"required name=search_term_string\"}],\"inLanguage\":\"it-IT\"},{\"@type\":\"Organization\",\"@id\":\"https:\/\/www.aipe.biz\/economia-circolare\/#organization\",\"name\":\"Aipe Associazione Italiana Polistirene Espanso\",\"url\":\"https:\/\/www.aipe.biz\/economia-circolare\/\",\"sameAs\":[],\"logo\":{\"@type\":\"ImageObject\",\"inLanguage\":\"it-IT\",\"@id\":\"https:\/\/www.aipe.biz\/economia-circolare\/#\/schema\/logo\/image\/\",\"url\":\"https:\/\/www.aipe.biz\/economia-circolare\/wp-content\/uploads\/sites\/5\/2022\/05\/cropped-AIPE_logo02-1.png\",\"contentUrl\":\"https:\/\/www.aipe.biz\/economia-circolare\/wp-content\/uploads\/sites\/5\/2022\/05\/cropped-AIPE_logo02-1.png\",\"width\":743,\"height\":250,\"caption\":\"Aipe Associazione Italiana Polistirene Espanso\"},\"image\":{\"@id\":\"https:\/\/www.aipe.biz\/economia-circolare\/#\/schema\/logo\/image\/\"}}]}<\/script>\n<!-- \/ Yoast SEO plugin. -->","yoast_head_json":{"title":"Sicurezza\u00a0e Protezione con il polistirolo - AIPE","description":"Il polistirolo ad alta densit\u00e0 protegge di urti e cadute, \u00e8 utilizzato nel caschi di moto e bici, \u00e8 riciclabile e va buttato nella plastica","robots":{"index":"index","follow":"follow","max-snippet":"max-snippet:-1","max-image-preview":"max-image-preview:large","max-video-preview":"max-video-preview:-1"},"canonical":"https:\/\/www.aipe.biz\/economia-circolare\/polistirolo-sicurezza-e-protezione\/","og_locale":"it_IT","og_type":"article","og_title":"Sicurezza\u00a0e Protezione con il polistirolo - AIPE","og_description":"Il polistirolo ad alta densit\u00e0 protegge di urti e cadute, \u00e8 utilizzato nel caschi di moto e bici, \u00e8 riciclabile e va buttato nella plastica","og_url":"https:\/\/www.aipe.biz\/economia-circolare\/polistirolo-sicurezza-e-protezione\/","og_site_name":"Economia Circolare","article_modified_time":"2022-06-08T09:35:52+00:00","og_image":[{"url":"https:\/\/www.aipe.biz\/economia-circolare\/wp-content\/uploads\/sites\/5\/2020\/07\/casco-bambina-polistirolo-1-1024x427.jpg"}],"twitter_card":"summary","twitter_misc":{"Tempo di lettura stimato":"2 minuti"},"schema":{"@context":"https:\/\/schema.org","@graph":[{"@type":"WebPage","@id":"https:\/\/www.aipe.biz\/economia-circolare\/polistirolo-sicurezza-e-protezione\/","url":"https:\/\/www.aipe.biz\/economia-circolare\/polistirolo-sicurezza-e-protezione\/","name":"Sicurezza\u00a0e Protezione con il polistirolo - AIPE","isPartOf":{"@id":"https:\/\/www.aipe.biz\/economia-circolare\/#website"},"datePublished":"2020-07-03T09:33:47+00:00","dateModified":"2022-06-08T09:35:52+00:00","description":"Il polistirolo ad alta densit\u00e0 protegge di urti e cadute, \u00e8 utilizzato nel caschi di moto e bici, \u00e8 riciclabile e va buttato nella plastica","breadcrumb":{"@id":"https:\/\/www.aipe.biz\/economia-circolare\/polistirolo-sicurezza-e-protezione\/#breadcrumb"},"inLanguage":"it-IT","potentialAction":[{"@type":"ReadAction","target":["https:\/\/www.aipe.biz\/economia-circolare\/polistirolo-sicurezza-e-protezione\/"]}]},{"@type":"BreadcrumbList","@id":"https:\/\/www.aipe.biz\/economia-circolare\/polistirolo-sicurezza-e-protezione\/#breadcrumb","itemListElement":[{"@type":"ListItem","position":1,"name":"Home","item":"https:\/\/www.aipe.biz\/economia-circolare\/"},{"@type":"ListItem","position":2,"name":"Polistirolo: Sicurezza e Protezione"}]},{"@type":"WebSite","@id":"https:\/\/www.aipe.biz\/economia-circolare\/#website","url":"https:\/\/www.aipe.biz\/economia-circolare\/","name":"Economia Circolare","description":"","publisher":{"@id":"https:\/\/www.aipe.biz\/economia-circolare\/#organization"},"potentialAction":[{"@type":"SearchAction","target":{"@type":"EntryPoint","urlTemplate":"https:\/\/www.aipe.biz\/economia-circolare\/?s={search_term_string}"},"query-input":"required name=search_term_string"}],"inLanguage":"it-IT"},{"@type":"Organization","@id":"https:\/\/www.aipe.biz\/economia-circolare\/#organization","name":"Aipe Associazione Italiana Polistirene Espanso","url":"https:\/\/www.aipe.biz\/economia-circolare\/","sameAs":[],"logo":{"@type":"ImageObject","inLanguage":"it-IT","@id":"https:\/\/www.aipe.biz\/economia-circolare\/#\/schema\/logo\/image\/","url":"https:\/\/www.aipe.biz\/economia-circolare\/wp-content\/uploads\/sites\/5\/2022\/05\/cropped-AIPE_logo02-1.png","contentUrl":"https:\/\/www.aipe.biz\/economia-circolare\/wp-content\/uploads\/sites\/5\/2022\/05\/cropped-AIPE_logo02-1.png","width":743,"height":250,"caption":"Aipe Associazione Italiana Polistirene Espanso"},"image":{"@id":"https:\/\/www.aipe.biz\/economia-circolare\/#\/schema\/logo\/image\/"}}]}},"_links":{"self":[{"href":"https:\/\/www.aipe.biz\/economia-circolare\/wp-json\/wp\/v2\/pages\/625"}],"collection":[{"href":"https:\/\/www.aipe.biz\/economia-circolare\/wp-json\/wp\/v2\/pages"}],"about":[{"href":"https:\/\/www.aipe.biz\/economia-circolare\/wp-json\/wp\/v2\/types\/page"}],"author":[{"embeddable":true,"href":"https:\/\/www.aipe.biz\/economia-circolare\/wp-json\/wp\/v2\/users\/95"}],"replies":[{"embeddable":true,"href":"https:\/\/www.aipe.biz\/economia-circolare\/wp-json\/wp\/v2\/comments?post=625"}],"version-history":[{"count":15,"href":"https:\/\/www.aipe.biz\/economia-circolare\/wp-json\/wp\/v2\/pages\/625\/revisions"}],"predecessor-version":[{"id":1296,"href":"https:\/\/www.aipe.biz\/economia-circolare\/wp-json\/wp\/v2\/pages\/625\/revisions\/1296"}],"wp:attachment":[{"href":"https:\/\/www.aipe.biz\/economia-circolare\/wp-json\/wp\/v2\/media?parent=625"}],"curies":[{"name":"wp","href":"https:\/\/api.w.org\/{rel}","templated":true}]}}