{"id":635,"date":"2020-07-03T11:28:44","date_gmt":"2020-07-03T09:28:44","guid":{"rendered":"https:\/\/www.aipe.biz\/economia-circolare\/?page_id=635"},"modified":"2022-06-08T11:38:33","modified_gmt":"2022-06-08T09:38:33","slug":"polistirolo-riciclo-riuso","status":"publish","type":"page","link":"https:\/\/www.aipe.biz\/economia-circolare\/polistirolo-riciclo-riuso\/","title":{"rendered":"Polistirolo: Riciclo e Riuso"},"content":{"rendered":"\n<hr class=\"wp-block-separator has-text-color has-white-color has-alpha-channel-opacity has-white-background-color has-background\"\/>\n\n\n\n<figure class=\"wp-block-image size-large\"><img loading=\"lazy\" width=\"1024\" height=\"427\" src=\"https:\/\/www.aipe.biz\/economia-circolare\/wp-content\/uploads\/sites\/5\/2020\/07\/riciclo-polistirolo-1024x427.jpg\" alt=\"\" class=\"wp-image-676\" srcset=\"https:\/\/www.aipe.biz\/economia-circolare\/wp-content\/uploads\/sites\/5\/2020\/07\/riciclo-polistirolo-1024x427.jpg 1024w, https:\/\/www.aipe.biz\/economia-circolare\/wp-content\/uploads\/sites\/5\/2020\/07\/riciclo-polistirolo-300x125.jpg 300w, https:\/\/www.aipe.biz\/economia-circolare\/wp-content\/uploads\/sites\/5\/2020\/07\/riciclo-polistirolo-768x320.jpg 768w, https:\/\/www.aipe.biz\/economia-circolare\/wp-content\/uploads\/sites\/5\/2020\/07\/riciclo-polistirolo.jpg 1920w\" sizes=\"(max-width: 706px) 89vw, (max-width: 767px) 82vw, 740px\" \/><\/figure>\n\n\n\n<h3><span style=\"font-size: 18pt;\">POLISTIROLO. INFINITE VITE NELL&#8217;ECONOMIA CIRCOLARE<\/span><\/h3>\n\n\n\n<p><span style=\"font-size: 14pt;\">L\u2019EPS (Polistirene Espanso Sinterizzato) \u00e8 un materiale versatile che viene utilizzato per diverse applicazioni e in svariati settori, \u00e8 riciclabile al 100% e all\u2019infinito!<\/span><\/p>\n\n\n\n<h3><span style=\"font-size: 18pt;\">L\u2019EPS \u00e8 amico dell\u2019ambiente<\/span><\/h3>\n\n\n\n<p><span style=\"font-size: 14pt;\">Il polistirolo \u00e8 unico nel suo genere! E\u2019 un materiale poliedrico dalle caratteristiche eccezionali: una volta trasformato in una vaschetta per il gelato d\u2019asporto o in una cassetta per il trasporto e la conservazione del pesce, o in altre applicazioni, pu\u00f2 esser sempre recuperato e riciclato per dare origine a nuovi prodotti. E questo ciclo non si ferma mai. <\/span><br><span style=\"font-size: 14pt;\">L\u2019EPS \u00e8 un materiale prezioso, se correttamente raccolto e non disperso, torna sempre a nuova vita! Ieri era un casco, oggi \u00e8 una cassetta e domani sar\u00e0 un pannello isolante. Ovviamente se ben smaltito.<\/span><\/p>\n\n\n\n<p><em><strong><span style=\"font-size: 14pt;\">Ricorda!<\/span><\/strong><\/em><br><strong><span style=\"font-size: 14pt; color: #ff6600;\">Una volta assolto il suo utilizzo, L\u2019EPS pu\u00f2 essere riciclato al 100% e riutilizzato all\u2019infinito.<\/span><\/strong><\/p>\n\n\n\n<h3><span style=\"font-size: 18pt;\">Il polistirolo \u00e8 riciclabile e riciclato all\u2019infinito<\/span><\/h3>\n\n\n\n<p><span style=\"font-size: 14pt;\">Il riciclo del polistirene \u00e8 una pratica diffusa e avviene attraverso il recupero degli scarti di produzione cos\u00ec come di tutti i prodotti o imballaggi giunti a fine vita. <\/span><br><span style=\"font-size: 14pt;\">I prodotti realizzati in EPS, dopo il loro utilizzo, vanno conferiti nella raccolta differenziata in modo che il materiale possa essere riciclato al 100% e riutilizzato, generando nuova materia prima per la produzione di nuovi prodotti in EPS\u2026 e questo pu\u00f2 essere fatto all\u2019infinito. <\/span><br><span style=\"font-size: 14pt;\">Un grande contributo alla sostenibilit\u00e0 ambientale e un vero esempio di economia circolare.<\/span><\/p>\n\n\n\n<p><span style=\"font-size: 14pt;\">In Italia attualmente esiste un circuito virtuoso di raccolta del polistirolo post-consumo che permette al 59% dei rifiuti da imballaggi in EPS post-consumo di essere recuperati e che raggruppa pi\u00f9 organi e istituzioni, tra le quali CONAI e COREPLA. Di questi, una buona parte viene riciclato per la produzione di nuovi prodotti in polistirene espanso.<\/span><\/p>\n\n\n\n<p><strong><span style=\"font-size: 14pt; color: #ff6600;\">Riciclare correttamente il polistirolo consente di evitare gli sprechi e dare infinite seconde vite all\u2019EPS, garantendo un vero processo circolare, e un concreto contributo al benessere del pianeta!<br><\/span><\/strong><br><strong><span style=\"font-size: 14pt;\">Guarda il filmato!<\/span><\/strong><\/p>\n","protected":false},"excerpt":{"rendered":"<p><img loading=\"lazy\" width=\"1024\" height=\"427\" src=\"https:\/\/www.aipe.biz\/economia-circolare\/wp-content\/uploads\/sites\/5\/2020\/07\/riciclo-polistirolo-1024x427.jpg\" alt=\"\" class=\"wp-image-676\" srcset=\"https:\/\/www.aipe.biz\/economia-circolare\/wp-content\/uploads\/sites\/5\/2020\/07\/riciclo-polistirolo-1024x427.jpg 1024w, https:\/\/www.aipe.biz\/economia-circolare\/wp-content\/uploads\/sites\/5\/2020\/07\/riciclo-polistirolo-300x125.jpg 300w, https:\/\/www.aipe.biz\/economia-circolare\/wp-content\/uploads\/sites\/5\/2020\/07\/riciclo-polistirolo-768x320.jpg 768w, https:\/\/www.aipe.biz\/economia-circolare\/wp-content\/uploads\/sites\/5\/2020\/07\/riciclo-polistirolo.jpg 1920w\" sizes=\"(max-width: 706px) 89vw, (max-width: 767px) 82vw, 740px\" \/><\/p>\n<p>POLISTIROLO. INFINITE VITE NELL&#8217;ECONOMIA CIRCOLARE<\/p>\n<p>L\u2019EPS (Polistirene Espanso Sinterizzato) \u00e8 un materiale versatile che viene utilizzato per diverse applicazioni e in svariati settori, \u00e8 riciclabile al 100% e all\u2019infinito!<\/p>\n<p>L\u2019EPS \u00e8 amico dell\u2019ambiente<\/p>\n<p>Il polistirolo \u00e8 unico nel suo genere! E\u2019 un materiale poliedrico dalle caratteristiche eccezionali: una volta trasformato in una vaschetta per il gelato d\u2019asporto o in una cassetta per il trasporto e la conservazione del pesce,<\/p>\n<p> <a href=\"https:\/\/www.aipe.biz\/economia-circolare\/polistirolo-riciclo-riuso\/\">Leggi tutto<\/a><\/p>\n","protected":false},"author":95,"featured_media":0,"parent":0,"menu_order":0,"comment_status":"closed","ping_status":"closed","template":"page-template\/home-economia.php","meta":[],"acf":[],"yoast_head":"<!-- This site is optimized with the Yoast SEO plugin v19.7.1 - https:\/\/yoast.com\/wordpress\/plugins\/seo\/ -->\n<title>Polistirolo: riciclo, recupero e riuso nell&#039;economia circolare<\/title>\n<meta name=\"description\" content=\"Scopri come avviene la raccolta differenziata, il ricclo, il riuso del polistirolo in nuov oggetti come cassette del pesce, scatole per la frutta, vaschette per gelato, imballaggi per mobili, ecc\" \/>\n<meta name=\"robots\" content=\"index, follow, max-snippet:-1, max-image-preview:large, max-video-preview:-1\" \/>\n<link rel=\"canonical\" href=\"https:\/\/www.aipe.biz\/economia-circolare\/polistirolo-riciclo-riuso\/\" \/>\n<meta property=\"og:locale\" content=\"it_IT\" \/>\n<meta property=\"og:type\" content=\"article\" \/>\n<meta property=\"og:title\" content=\"Polistirolo: riciclo, recupero e riuso nell&#039;economia circolare\" \/>\n<meta property=\"og:description\" content=\"Scopri come avviene la raccolta differenziata, il ricclo, il riuso del polistirolo in nuov oggetti come cassette del pesce, scatole per la frutta, vaschette per gelato, imballaggi per mobili, ecc\" \/>\n<meta property=\"og:url\" content=\"https:\/\/www.aipe.biz\/economia-circolare\/polistirolo-riciclo-riuso\/\" \/>\n<meta property=\"og:site_name\" content=\"Economia Circolare\" \/>\n<meta property=\"article:modified_time\" content=\"2022-06-08T09:38:33+00:00\" \/>\n<meta property=\"og:image\" content=\"https:\/\/www.aipe.biz\/economia-circolare\/wp-content\/uploads\/sites\/5\/2020\/07\/riciclo-polistirolo-1024x427.jpg\" \/>\n<meta name=\"twitter:card\" content=\"summary\" \/>\n<meta name=\"twitter:label1\" content=\"Tempo di lettura stimato\" \/>\n\t<meta name=\"twitter:data1\" content=\"2 minuti\" \/>\n<script type=\"application\/ld+json\" class=\"yoast-schema-graph\">{\"@context\":\"https:\/\/schema.org\",\"@graph\":[{\"@type\":\"WebPage\",\"@id\":\"https:\/\/www.aipe.biz\/economia-circolare\/polistirolo-riciclo-riuso\/\",\"url\":\"https:\/\/www.aipe.biz\/economia-circolare\/polistirolo-riciclo-riuso\/\",\"name\":\"Polistirolo: riciclo, recupero e riuso nell'economia circolare\",\"isPartOf\":{\"@id\":\"https:\/\/www.aipe.biz\/economia-circolare\/#website\"},\"datePublished\":\"2020-07-03T09:28:44+00:00\",\"dateModified\":\"2022-06-08T09:38:33+00:00\",\"description\":\"Scopri come avviene la raccolta differenziata, il ricclo, il riuso del polistirolo in nuov oggetti come cassette del pesce, scatole per la frutta, vaschette per gelato, imballaggi per mobili, ecc\",\"breadcrumb\":{\"@id\":\"https:\/\/www.aipe.biz\/economia-circolare\/polistirolo-riciclo-riuso\/#breadcrumb\"},\"inLanguage\":\"it-IT\",\"potentialAction\":[{\"@type\":\"ReadAction\",\"target\":[\"https:\/\/www.aipe.biz\/economia-circolare\/polistirolo-riciclo-riuso\/\"]}]},{\"@type\":\"BreadcrumbList\",\"@id\":\"https:\/\/www.aipe.biz\/economia-circolare\/polistirolo-riciclo-riuso\/#breadcrumb\",\"itemListElement\":[{\"@type\":\"ListItem\",\"position\":1,\"name\":\"Home\",\"item\":\"https:\/\/www.aipe.biz\/economia-circolare\/\"},{\"@type\":\"ListItem\",\"position\":2,\"name\":\"Polistirolo: Riciclo e Riuso\"}]},{\"@type\":\"WebSite\",\"@id\":\"https:\/\/www.aipe.biz\/economia-circolare\/#website\",\"url\":\"https:\/\/www.aipe.biz\/economia-circolare\/\",\"name\":\"Economia Circolare\",\"description\":\"\",\"publisher\":{\"@id\":\"https:\/\/www.aipe.biz\/economia-circolare\/#organization\"},\"potentialAction\":[{\"@type\":\"SearchAction\",\"target\":{\"@type\":\"EntryPoint\",\"urlTemplate\":\"https:\/\/www.aipe.biz\/economia-circolare\/?s={search_term_string}\"},\"query-input\":\"required name=search_term_string\"}],\"inLanguage\":\"it-IT\"},{\"@type\":\"Organization\",\"@id\":\"https:\/\/www.aipe.biz\/economia-circolare\/#organization\",\"name\":\"Aipe Associazione Italiana Polistirene Espanso\",\"url\":\"https:\/\/www.aipe.biz\/economia-circolare\/\",\"sameAs\":[],\"logo\":{\"@type\":\"ImageObject\",\"inLanguage\":\"it-IT\",\"@id\":\"https:\/\/www.aipe.biz\/economia-circolare\/#\/schema\/logo\/image\/\",\"url\":\"https:\/\/www.aipe.biz\/economia-circolare\/wp-content\/uploads\/sites\/5\/2022\/05\/cropped-AIPE_logo02-1.png\",\"contentUrl\":\"https:\/\/www.aipe.biz\/economia-circolare\/wp-content\/uploads\/sites\/5\/2022\/05\/cropped-AIPE_logo02-1.png\",\"width\":743,\"height\":250,\"caption\":\"Aipe Associazione Italiana Polistirene Espanso\"},\"image\":{\"@id\":\"https:\/\/www.aipe.biz\/economia-circolare\/#\/schema\/logo\/image\/\"}}]}<\/script>\n<!-- \/ Yoast SEO plugin. -->","yoast_head_json":{"title":"Polistirolo: riciclo, recupero e riuso nell'economia circolare","description":"Scopri come avviene la raccolta differenziata, il ricclo, il riuso del polistirolo in nuov oggetti come cassette del pesce, scatole per la frutta, vaschette per gelato, imballaggi per mobili, ecc","robots":{"index":"index","follow":"follow","max-snippet":"max-snippet:-1","max-image-preview":"max-image-preview:large","max-video-preview":"max-video-preview:-1"},"canonical":"https:\/\/www.aipe.biz\/economia-circolare\/polistirolo-riciclo-riuso\/","og_locale":"it_IT","og_type":"article","og_title":"Polistirolo: riciclo, recupero e riuso nell'economia circolare","og_description":"Scopri come avviene la raccolta differenziata, il ricclo, il riuso del polistirolo in nuov oggetti come cassette del pesce, scatole per la frutta, vaschette per gelato, imballaggi per mobili, ecc","og_url":"https:\/\/www.aipe.biz\/economia-circolare\/polistirolo-riciclo-riuso\/","og_site_name":"Economia Circolare","article_modified_time":"2022-06-08T09:38:33+00:00","og_image":[{"url":"https:\/\/www.aipe.biz\/economia-circolare\/wp-content\/uploads\/sites\/5\/2020\/07\/riciclo-polistirolo-1024x427.jpg"}],"twitter_card":"summary","twitter_misc":{"Tempo di lettura stimato":"2 minuti"},"schema":{"@context":"https:\/\/schema.org","@graph":[{"@type":"WebPage","@id":"https:\/\/www.aipe.biz\/economia-circolare\/polistirolo-riciclo-riuso\/","url":"https:\/\/www.aipe.biz\/economia-circolare\/polistirolo-riciclo-riuso\/","name":"Polistirolo: riciclo, recupero e riuso nell'economia circolare","isPartOf":{"@id":"https:\/\/www.aipe.biz\/economia-circolare\/#website"},"datePublished":"2020-07-03T09:28:44+00:00","dateModified":"2022-06-08T09:38:33+00:00","description":"Scopri come avviene la raccolta differenziata, il ricclo, il riuso del polistirolo in nuov oggetti come cassette del pesce, scatole per la frutta, vaschette per gelato, imballaggi per mobili, ecc","breadcrumb":{"@id":"https:\/\/www.aipe.biz\/economia-circolare\/polistirolo-riciclo-riuso\/#breadcrumb"},"inLanguage":"it-IT","potentialAction":[{"@type":"ReadAction","target":["https:\/\/www.aipe.biz\/economia-circolare\/polistirolo-riciclo-riuso\/"]}]},{"@type":"BreadcrumbList","@id":"https:\/\/www.aipe.biz\/economia-circolare\/polistirolo-riciclo-riuso\/#breadcrumb","itemListElement":[{"@type":"ListItem","position":1,"name":"Home","item":"https:\/\/www.aipe.biz\/economia-circolare\/"},{"@type":"ListItem","position":2,"name":"Polistirolo: Riciclo e Riuso"}]},{"@type":"WebSite","@id":"https:\/\/www.aipe.biz\/economia-circolare\/#website","url":"https:\/\/www.aipe.biz\/economia-circolare\/","name":"Economia Circolare","description":"","publisher":{"@id":"https:\/\/www.aipe.biz\/economia-circolare\/#organization"},"potentialAction":[{"@type":"SearchAction","target":{"@type":"EntryPoint","urlTemplate":"https:\/\/www.aipe.biz\/economia-circolare\/?s={search_term_string}"},"query-input":"required name=search_term_string"}],"inLanguage":"it-IT"},{"@type":"Organization","@id":"https:\/\/www.aipe.biz\/economia-circolare\/#organization","name":"Aipe Associazione Italiana Polistirene Espanso","url":"https:\/\/www.aipe.biz\/economia-circolare\/","sameAs":[],"logo":{"@type":"ImageObject","inLanguage":"it-IT","@id":"https:\/\/www.aipe.biz\/economia-circolare\/#\/schema\/logo\/image\/","url":"https:\/\/www.aipe.biz\/economia-circolare\/wp-content\/uploads\/sites\/5\/2022\/05\/cropped-AIPE_logo02-1.png","contentUrl":"https:\/\/www.aipe.biz\/economia-circolare\/wp-content\/uploads\/sites\/5\/2022\/05\/cropped-AIPE_logo02-1.png","width":743,"height":250,"caption":"Aipe Associazione Italiana Polistirene Espanso"},"image":{"@id":"https:\/\/www.aipe.biz\/economia-circolare\/#\/schema\/logo\/image\/"}}]}},"_links":{"self":[{"href":"https:\/\/www.aipe.biz\/economia-circolare\/wp-json\/wp\/v2\/pages\/635"}],"collection":[{"href":"https:\/\/www.aipe.biz\/economia-circolare\/wp-json\/wp\/v2\/pages"}],"about":[{"href":"https:\/\/www.aipe.biz\/economia-circolare\/wp-json\/wp\/v2\/types\/page"}],"author":[{"embeddable":true,"href":"https:\/\/www.aipe.biz\/economia-circolare\/wp-json\/wp\/v2\/users\/95"}],"replies":[{"embeddable":true,"href":"https:\/\/www.aipe.biz\/economia-circolare\/wp-json\/wp\/v2\/comments?post=635"}],"version-history":[{"count":9,"href":"https:\/\/www.aipe.biz\/economia-circolare\/wp-json\/wp\/v2\/pages\/635\/revisions"}],"predecessor-version":[{"id":1301,"href":"https:\/\/www.aipe.biz\/economia-circolare\/wp-json\/wp\/v2\/pages\/635\/revisions\/1301"}],"wp:attachment":[{"href":"https:\/\/www.aipe.biz\/economia-circolare\/wp-json\/wp\/v2\/media?parent=635"}],"curies":[{"name":"wp","href":"https:\/\/api.w.org\/{rel}","templated":true}]}}