{"id":872,"date":"2022-05-24T11:47:57","date_gmt":"2022-05-24T09:47:57","guid":{"rendered":"https:\/\/demo.aipe.biz\/economia-circolare\/?page_id=872"},"modified":"2024-01-16T11:18:57","modified_gmt":"2024-01-16T10:18:57","slug":"leps-si-ricicla","status":"publish","type":"page","link":"https:\/\/www.aipe.biz\/economia-circolare\/leps-si-ricicla\/","title":{"rendered":"L&#8217;EPS si ricicla"},"content":{"rendered":"\n<hr class=\"wp-block-separator has-text-color has-white-color has-alpha-channel-opacity has-white-background-color has-background\"\/>\n\n\n\n\n\n\n<hr class=\"wp-block-separator has-text-color has-white-color has-css-opacity has-white-background-color has-background\"\/>\n\n\n\n<h3><span style=\"font-size: 18pt;\"><strong>L\u2019IMPEGNO PER L&#8217;AMBIENTE: LA RACCOLTA E IL RICICLO DELL&#8217;EPS<\/strong><\/span><\/h3>\n\n\n\n<p style=\"font-size:19px\"><span style=\"background-color: #ffff00;\"><mark style=\"background-color:#ffffff\" class=\"has-inline-color\">AIPE da sempre attenta alle tematiche ambientali \u00e8 oggi impegnata concretamente a promuovere nuove iniziative sul territorio, mirate ad implementare e sostenere circolarit\u00e0 e sostenibilit\u00e0 dell\u2019EPS (Polistirene Espanso Sinterizzato) anche detto polistirolo; in particolare attraverso l\u2019avvio di nuovi progetti e circuiti a livello nazionale per fare in modo che i manufatti in EPS a fine utilizzo non siano pi\u00f9 raccolti con il rifiuto indifferenziato o il mix della plastica, ma selezionati e separati per essere opportunamente riciclati attraverso l\u2019istituzione di circuiti di recupero e riciclo sostenibili economicamente e ambientalmente dedicati al polistirolo<\/mark><\/span>.<\/p>\n\n\n\n<p style=\"font-size:19px\"><span style=\"background-color: #ffff00;\"><mark style=\"background-color:#ffffff\" class=\"has-inline-color\">Dopo l\u2019uso l\u2019EPS si ricicla al 100%. Ad esempio le cassette e i contenitori in EPS per il pesce sono ampiamente riciclati su larga scala in Italia e in tutta Europa e sono un esempio concreto di come gli imballaggi in polistirolo vengano selezionati e raccolti per essere completamente riciclati.<\/mark><\/span><\/p>\n\n\n\n<p style=\"font-size:19px\"><span style=\"background-color: #ffff00;\"><mark style=\"background-color:#ffffff\" class=\"has-inline-color\">I diversi prodotti in EPS vengono infatti progettati per il riciclo e per una facile raccolta al termine del loro utilizzo, presso siti o aree di raccolta dedicate, in modo che il rifiuto in EPS venga poi trasportato degli appositi centri di riciclo per essere completamente riciclato con il minor impatto ambientale e diventare una preziosa materia prima secondaria (MPS) che viene reimpiegata per produrre materiali isolanti e manufatti in EPS conformi ai CAM.<\/mark><\/span><\/p>\n\n\n\n<p style=\"font-size:19px\"><span style=\"background-color: #ffff00;\"><mark style=\"background-color:#ffffff\" class=\"has-inline-color\">Inoltre le aziende della filiera secondo il recepimento della direttiva UE 2018\/851 che ha disciplinato i \u201cregimi di responsabilit\u00e0 del produttore\u201d o EPR (Extended Producer Responsability), sono responsabili anche del fine vita dei prodotti che immettono sul mercato e proprio in risposta a ci\u00f2 l\u2019impegno di AIPE pu\u00f2 e deve essere letto come un impegno concreto dell\u2019intera industria dell\u2019EPS a farsi carico dei propri rifiuti.<\/mark><\/span><\/p>\n\n\n\n<hr class=\"wp-block-separator has-text-color has-white-color has-css-opacity has-white-background-color has-background\"\/>\n\n\n\n<hr class=\"wp-block-separator has-text-color has-white-color has-css-opacity has-white-background-color has-background\"\/>\n\n\n\n<hr class=\"wp-block-separator has-text-color has-white-color has-css-opacity has-white-background-color has-background\"\/>\n\n\n\n<div class=\"wp-container-3 wp-block-columns\">\n<div class=\"wp-container-1 wp-block-column\" style=\"flex-basis:66.66%\">\n<h2 style=\"font-size:32px\"><a href=\"https:\/\/www.aipe.biz\/economia-circolare\/con-porto-a-porto-polistirolo-rinasce-il-mare-ringrazia\/\" target=\"_blank\" rel=\"noreferrer noopener\">Operazione EPS Porto a Porto<\/a><\/h2>\n\n\n\n<p class=\"has-medium-font-size\">AIPE ha dato vita all\u2019Operazione <strong>\u201cPORTO A PORTO\u201d<\/strong> con la finalit\u00e0 di facilitare e migliorare il recupero delle cassette in EPS per il pesce nei principali porti della penisola.<\/p>\n<\/div>\n\n\n\n<div class=\"wp-container-2 wp-block-column\" style=\"flex-basis:33.33%\">\n<figure class=\"wp-block-image size-full\"><img loading=\"lazy\" width=\"500\" height=\"500\" src=\"https:\/\/www.aipe.biz\/economia-circolare\/wp-content\/uploads\/sites\/5\/2022\/06\/AIPE_leps-si-ricicla.png\" alt=\"\" class=\"wp-image-1460\" srcset=\"https:\/\/www.aipe.biz\/economia-circolare\/wp-content\/uploads\/sites\/5\/2022\/06\/AIPE_leps-si-ricicla.png 500w, https:\/\/www.aipe.biz\/economia-circolare\/wp-content\/uploads\/sites\/5\/2022\/06\/AIPE_leps-si-ricicla-300x300.png 300w, https:\/\/www.aipe.biz\/economia-circolare\/wp-content\/uploads\/sites\/5\/2022\/06\/AIPE_leps-si-ricicla-150x150.png 150w, https:\/\/www.aipe.biz\/economia-circolare\/wp-content\/uploads\/sites\/5\/2022\/06\/AIPE_leps-si-ricicla-100x100.png 100w\" sizes=\"(max-width: 500px) 100vw, 500px\" \/><\/figure>\n<\/div>\n<\/div>\n\n\n\n<hr class=\"wp-block-separator has-css-opacity\"\/>\n\n\n\n<div class=\"wp-container-6 wp-block-columns\">\n<div class=\"wp-container-4 wp-block-column\" style=\"flex-basis:66.66%\">\n<h2 style=\"font-size:32px\"><a href=\"https:\/\/www.aipe.biz\/economia-circolare\/raccolta-delle-cassette-del-pesce\/\" target=\"_blank\" rel=\"noreferrer noopener\">Raccolta delle cassette in EPS<br>per il pesce presso il mercato ittico<\/a><\/h2>\n\n\n\n<p class=\"has-medium-font-size\">Le cassette in EPS impiegate nell\u2019imballaggio del pesce fresco, dopo il loro utilizzo, se raccolte separatamente possono essere completamente riciclate divenendo una risorsa per l\u2019intera filiera.<\/p>\n<\/div>\n\n\n\n<div class=\"wp-container-5 wp-block-column\" style=\"flex-basis:33.33%\">\n<figure class=\"wp-block-image size-full\"><img loading=\"lazy\" width=\"500\" height=\"500\" src=\"https:\/\/www.aipe.biz\/economia-circolare\/wp-content\/uploads\/sites\/5\/2022\/06\/AIPE_mercato_500.jpg\" alt=\"\" class=\"wp-image-1288\" srcset=\"https:\/\/www.aipe.biz\/economia-circolare\/wp-content\/uploads\/sites\/5\/2022\/06\/AIPE_mercato_500.jpg 500w, https:\/\/www.aipe.biz\/economia-circolare\/wp-content\/uploads\/sites\/5\/2022\/06\/AIPE_mercato_500-300x300.jpg 300w, https:\/\/www.aipe.biz\/economia-circolare\/wp-content\/uploads\/sites\/5\/2022\/06\/AIPE_mercato_500-150x150.jpg 150w, https:\/\/www.aipe.biz\/economia-circolare\/wp-content\/uploads\/sites\/5\/2022\/06\/AIPE_mercato_500-100x100.jpg 100w\" sizes=\"(max-width: 500px) 100vw, 500px\" \/><\/figure>\n<\/div>\n<\/div>\n\n\n\n<hr class=\"wp-block-separator has-css-opacity\"\/>\n\n\n\n<div class=\"wp-container-9 wp-block-columns\">\n<div class=\"wp-container-7 wp-block-column\" style=\"flex-basis:66.66%\">\n<h2 style=\"font-size:32px\"><a href=\"https:\/\/www.aipe.biz\/economia-circolare\/la-raccolta-delleps-presso-le-gdo\/\" target=\"_blank\" rel=\"noreferrer noopener\">Raccolta dell&#8217;EPS presso le GDO<\/a><\/h2>\n\n\n\n<p class=\"has-medium-font-size\">AIPE \u00e8 impegnata da tempo ed attivamente in diverse iniziative per implementare la circolarit\u00e0 del polistirolo ed incrementarne l\u2019effettivo tasso di riciclo, in particolare attraverso la riorganizzazione di diversi circuiti di recupero e riciclo in essere con nuovi modelli di raccolta e selezione differenziata degli imballaggi in EPS a fine vita, e che hanno consentito la creazione di protocolli replicabili su tutto il territorio nazionale.<\/p>\n<\/div>\n\n\n\n<div class=\"wp-container-8 wp-block-column\" style=\"flex-basis:33.33%\">\n<figure class=\"wp-block-image size-full\"><img loading=\"lazy\" width=\"500\" height=\"500\" src=\"https:\/\/www.aipe.biz\/economia-circolare\/wp-content\/uploads\/sites\/5\/2022\/06\/AIPE_GDO_500.jpg\" alt=\"\" class=\"wp-image-1280\" srcset=\"https:\/\/www.aipe.biz\/economia-circolare\/wp-content\/uploads\/sites\/5\/2022\/06\/AIPE_GDO_500.jpg 500w, https:\/\/www.aipe.biz\/economia-circolare\/wp-content\/uploads\/sites\/5\/2022\/06\/AIPE_GDO_500-300x300.jpg 300w, https:\/\/www.aipe.biz\/economia-circolare\/wp-content\/uploads\/sites\/5\/2022\/06\/AIPE_GDO_500-150x150.jpg 150w, https:\/\/www.aipe.biz\/economia-circolare\/wp-content\/uploads\/sites\/5\/2022\/06\/AIPE_GDO_500-100x100.jpg 100w\" sizes=\"(max-width: 500px) 100vw, 500px\" \/><\/figure>\n<\/div>\n<\/div>\n\n\n\n<hr class=\"wp-block-separator has-css-opacity\"\/>\n\n\n\n<div class=\"wp-container-14 wp-block-columns\">\n<div class=\"wp-container-13 wp-block-column\" style=\"flex-basis:100%\">\n<div class=\"wp-container-12 wp-block-columns\">\n<div class=\"wp-container-10 wp-block-column\" style=\"flex-basis:66.66%\">\n<h2 style=\"font-size:32px\"><a href=\"https:\/\/www.aipe.biz\/economia-circolare\/la-raccolta-delleps-attraverso-le-isole-ecologiche\/\" target=\"_blank\" rel=\"noreferrer noopener\">Raccolta dell&#8217;EPS attraverso le isole<br>ecologiche<\/a><\/h2>\n\n\n\n<p class=\"has-medium-font-size\">Con il progetto <strong>\u201c<\/strong>L\u2019EPS si differenzia\u201d \u00e8 stato possibile implementare il circuito della raccolta urbana dell\u2019EPS attraverso l\u2019attivazione di apposite Isole Ecologiche presso diversi comuni del nord Italia ed sottoscrivere accordi mirati con le aziende municipalizzate che gestiscono la raccolta dei rifiuti urbani per consentire una selezione e raccolta dell\u2019EPS separata delle altre plastiche.<\/p>\n<\/div>\n\n\n\n<div class=\"wp-container-11 wp-block-column\" style=\"flex-basis:33.33%\">\n<figure class=\"wp-block-image size-full\"><img loading=\"lazy\" width=\"500\" height=\"500\" src=\"https:\/\/www.aipe.biz\/economia-circolare\/wp-content\/uploads\/sites\/5\/2022\/06\/AIPE_isole_500.jpg\" alt=\"\" class=\"wp-image-1282\" srcset=\"https:\/\/www.aipe.biz\/economia-circolare\/wp-content\/uploads\/sites\/5\/2022\/06\/AIPE_isole_500.jpg 500w, https:\/\/www.aipe.biz\/economia-circolare\/wp-content\/uploads\/sites\/5\/2022\/06\/AIPE_isole_500-300x300.jpg 300w, https:\/\/www.aipe.biz\/economia-circolare\/wp-content\/uploads\/sites\/5\/2022\/06\/AIPE_isole_500-150x150.jpg 150w, https:\/\/www.aipe.biz\/economia-circolare\/wp-content\/uploads\/sites\/5\/2022\/06\/AIPE_isole_500-100x100.jpg 100w\" sizes=\"(max-width: 500px) 100vw, 500px\" \/><\/figure>\n<\/div>\n<\/div>\n<\/div>\n<\/div>\n\n\n\n<hr class=\"wp-block-separator has-css-opacity\"\/>\n\n\n\n<div class=\"wp-container-17 wp-block-columns\">\n<div class=\"wp-container-15 wp-block-column\" style=\"flex-basis:66.66%\">\n<h2 style=\"font-size:32px\"><a href=\"https:\/\/www.aipe.biz\/economia-circolare\/il-circuito-della-distribuzione\/\" target=\"_blank\" rel=\"noreferrer noopener\">Il circuito della distribuzione<\/a><\/h2>\n\n\n\n<p class=\"has-medium-font-size\">Tra i settori che fanno maggiore utilizzo delle cassette in polistirolo c&#8217;\u00e8 quello del commercio e della distribuzione del pesce fresco, dove questa forma di imballaggio \u00e8 di gran lunga la pi\u00f9 usata. AIPE ha siglato un protocollo d\u2019intesa con ASSOITTICA che favorisce il recupero mirato delle cassette in EPS dopo il loro utilizzo, evitando che il polistirolo diventi un rifiuto.<\/p>\n<\/div>\n\n\n\n<div class=\"wp-container-16 wp-block-column\" style=\"flex-basis:33.33%\">\n<figure class=\"wp-block-image size-full\"><img loading=\"lazy\" width=\"500\" height=\"500\" src=\"https:\/\/www.aipe.biz\/economia-circolare\/wp-content\/uploads\/sites\/5\/2022\/05\/Preview_assoittica.png\" alt=\"\" class=\"wp-image-874\" srcset=\"https:\/\/www.aipe.biz\/economia-circolare\/wp-content\/uploads\/sites\/5\/2022\/05\/Preview_assoittica.png 500w, https:\/\/www.aipe.biz\/economia-circolare\/wp-content\/uploads\/sites\/5\/2022\/05\/Preview_assoittica-300x300.png 300w, https:\/\/www.aipe.biz\/economia-circolare\/wp-content\/uploads\/sites\/5\/2022\/05\/Preview_assoittica-150x150.png 150w, https:\/\/www.aipe.biz\/economia-circolare\/wp-content\/uploads\/sites\/5\/2022\/05\/Preview_assoittica-100x100.png 100w\" sizes=\"(max-width: 500px) 100vw, 500px\" \/><\/figure>\n<\/div>\n<\/div>\n\n\n\n<hr class=\"wp-block-separator has-css-opacity\"\/>\n\n\n\n<div class=\"wp-container-20 wp-block-columns\">\n<div class=\"wp-container-18 wp-block-column\" style=\"flex-basis:66.66%\">\n<h2 style=\"font-size:32px\"><a href=\"https:\/\/www.aipe.biz\/economia-circolare\/riciclare-per-i-cam-edilizia\/\" target=\"_blank\" rel=\"noreferrer noopener\">Riciclare per i CAM edilizia<\/a><\/h2>\n\n\n\n<p class=\"has-medium-font-size\">I CAM adottati per costruire edifici con appalti pubblici sono oggi diventati i referenti demarcatori per l\u2019incentivo fiscale \u201cSuperbonus\u201d, che viene reso accessibile solo se i materiali impiegati sono conformi ai CAM. Il protocollo \u00e8 composto da criteri a cui si deve dichiarare la conformit\u00e0 attraverso la verifica delle prestazioni richieste.<\/p>\n<\/div>\n\n\n\n<div class=\"wp-container-19 wp-block-column\" style=\"flex-basis:33.33%\">\n<figure class=\"wp-block-image size-full\"><img loading=\"lazy\" width=\"500\" height=\"500\" src=\"https:\/\/www.aipe.biz\/economia-circolare\/wp-content\/uploads\/sites\/5\/2022\/06\/AIPE_lastre_500.jpg\" alt=\"\" class=\"wp-image-1292\" srcset=\"https:\/\/www.aipe.biz\/economia-circolare\/wp-content\/uploads\/sites\/5\/2022\/06\/AIPE_lastre_500.jpg 500w, https:\/\/www.aipe.biz\/economia-circolare\/wp-content\/uploads\/sites\/5\/2022\/06\/AIPE_lastre_500-300x300.jpg 300w, https:\/\/www.aipe.biz\/economia-circolare\/wp-content\/uploads\/sites\/5\/2022\/06\/AIPE_lastre_500-150x150.jpg 150w, https:\/\/www.aipe.biz\/economia-circolare\/wp-content\/uploads\/sites\/5\/2022\/06\/AIPE_lastre_500-100x100.jpg 100w\" sizes=\"(max-width: 500px) 100vw, 500px\" \/><\/figure>\n<\/div>\n<\/div>\n\n\n\n<hr class=\"wp-block-separator has-css-opacity\"\/>\n\n\n\n<div class=\"wp-container-23 wp-block-columns\">\n<div class=\"wp-container-21 wp-block-column\" style=\"flex-basis:66.66%\">\n<h2 style=\"font-size:32px\"><a href=\"https:\/\/www.aipe.biz\/economia-circolare\/riciclare-per-i-cam-arredo\/\" target=\"_blank\" rel=\"noreferrer noopener\">Riciclare per i CAM arredo<\/a><\/h2>\n\n\n\n<p class=\"has-medium-font-size\">Il protocollo \u201cCAM arredo\u201d rappresenta la procedura che pi\u00f9 coinvolge l\u2019intera filiera produttiva dell\u2019EPS per il conseguimento degli obiettivi dell\u2019Economia Circolare. I CAM sono protocolli emessi dal MITE, Ministero della Transizione Ecologica, per indirizzare la pubblica amministrazione all\u2019acquisto di tutti gli oggetti che rientrano nell\u2019arredo delle sedi operative.<\/p>\n<\/div>\n\n\n\n<div class=\"wp-container-22 wp-block-column\" style=\"flex-basis:33.33%\">\n<figure class=\"wp-block-image size-full\"><img loading=\"lazy\" width=\"500\" height=\"500\" src=\"https:\/\/www.aipe.biz\/economia-circolare\/wp-content\/uploads\/sites\/5\/2020\/06\/preview-imballaggi-polistirolo.jpg\" alt=\"\" class=\"wp-image-682\" srcset=\"https:\/\/www.aipe.biz\/economia-circolare\/wp-content\/uploads\/sites\/5\/2020\/06\/preview-imballaggi-polistirolo.jpg 500w, https:\/\/www.aipe.biz\/economia-circolare\/wp-content\/uploads\/sites\/5\/2020\/06\/preview-imballaggi-polistirolo-150x150.jpg 150w, https:\/\/www.aipe.biz\/economia-circolare\/wp-content\/uploads\/sites\/5\/2020\/06\/preview-imballaggi-polistirolo-300x300.jpg 300w, https:\/\/www.aipe.biz\/economia-circolare\/wp-content\/uploads\/sites\/5\/2020\/06\/preview-imballaggi-polistirolo-100x100.jpg 100w\" sizes=\"(max-width: 500px) 100vw, 500px\" \/><\/figure>\n<\/div>\n<\/div>\n","protected":false},"excerpt":{"rendered":"<p>L\u2019IMPEGNO PER L&#8217;AMBIENTE: LA RACCOLTA E IL RICICLO DELL&#8217;EPS<\/p>\n<p style=\"font-size:19px\">AIPE da sempre attenta alle tematiche ambientali \u00e8 oggi impegnata concretamente a promuovere nuove iniziative sul territorio, mirate ad implementare e sostenere circolarit\u00e0 e sostenibilit\u00e0 dell\u2019EPS (Polistirene Espanso Sinterizzato) anche detto polistirolo; in particolare attraverso l\u2019avvio di nuovi progetti e circuiti a livello nazionale per fare in modo che i manufatti in EPS a fine utilizzo non siano pi\u00f9 raccolti con il rifiuto indifferenziato o il mix della plastica,<\/p>\n<p> <a href=\"https:\/\/www.aipe.biz\/economia-circolare\/leps-si-ricicla\/\">Leggi tutto<\/a><\/p>\n","protected":false},"author":108,"featured_media":0,"parent":0,"menu_order":0,"comment_status":"closed","ping_status":"closed","template":"page-template\/home-economia.php","meta":[],"acf":[],"yoast_head":"<!-- This site is optimized with the Yoast SEO plugin v19.7.1 - https:\/\/yoast.com\/wordpress\/plugins\/seo\/ -->\n<title>L&#039;EPS si ricicla - Economia Circolare<\/title>\n<meta name=\"robots\" content=\"index, follow, max-snippet:-1, max-image-preview:large, max-video-preview:-1\" \/>\n<link rel=\"canonical\" href=\"https:\/\/www.aipe.biz\/economia-circolare\/leps-si-ricicla\/\" \/>\n<meta property=\"og:locale\" content=\"it_IT\" \/>\n<meta property=\"og:type\" content=\"article\" \/>\n<meta property=\"og:title\" content=\"L&#039;EPS si ricicla - Economia Circolare\" \/>\n<meta property=\"og:description\" content=\"L\u2019IMPEGNO PER L&#8217;AMBIENTE: LA RACCOLTA E IL RICICLO DELL&#8217;EPS  AIPE da sempre attenta alle tematiche ambientali \u00e8 oggi impegnata concretamente a promuovere nuove iniziative sul territorio, mirate ad implementare e sostenere circolarit\u00e0 e sostenibilit\u00e0 dell\u2019EPS (Polistirene Espanso Sinterizzato) anche detto polistirolo; in particolare attraverso l\u2019avvio di nuovi progetti e circuiti a livello nazionale per fare in modo che i manufatti in EPS a fine utilizzo non siano pi\u00f9 raccolti con il rifiuto indifferenziato o il mix della plastica, Leggi tutto\" \/>\n<meta property=\"og:url\" content=\"https:\/\/www.aipe.biz\/economia-circolare\/leps-si-ricicla\/\" \/>\n<meta property=\"og:site_name\" content=\"Economia Circolare\" \/>\n<meta property=\"article:modified_time\" content=\"2024-01-16T10:18:57+00:00\" \/>\n<meta property=\"og:image\" content=\"https:\/\/www.aipe.biz\/economia-circolare\/wp-content\/uploads\/sites\/5\/2022\/06\/AIPE_leps-si-ricicla.png\" \/>\n<meta name=\"twitter:card\" content=\"summary\" \/>\n<meta name=\"twitter:label1\" content=\"Tempo di lettura stimato\" \/>\n\t<meta name=\"twitter:data1\" content=\"5 minuti\" \/>\n<script type=\"application\/ld+json\" class=\"yoast-schema-graph\">{\"@context\":\"https:\/\/schema.org\",\"@graph\":[{\"@type\":\"WebPage\",\"@id\":\"https:\/\/www.aipe.biz\/economia-circolare\/leps-si-ricicla\/\",\"url\":\"https:\/\/www.aipe.biz\/economia-circolare\/leps-si-ricicla\/\",\"name\":\"L'EPS si ricicla - Economia Circolare\",\"isPartOf\":{\"@id\":\"https:\/\/www.aipe.biz\/economia-circolare\/#website\"},\"datePublished\":\"2022-05-24T09:47:57+00:00\",\"dateModified\":\"2024-01-16T10:18:57+00:00\",\"breadcrumb\":{\"@id\":\"https:\/\/www.aipe.biz\/economia-circolare\/leps-si-ricicla\/#breadcrumb\"},\"inLanguage\":\"it-IT\",\"potentialAction\":[{\"@type\":\"ReadAction\",\"target\":[\"https:\/\/www.aipe.biz\/economia-circolare\/leps-si-ricicla\/\"]}]},{\"@type\":\"BreadcrumbList\",\"@id\":\"https:\/\/www.aipe.biz\/economia-circolare\/leps-si-ricicla\/#breadcrumb\",\"itemListElement\":[{\"@type\":\"ListItem\",\"position\":1,\"name\":\"Home\",\"item\":\"https:\/\/www.aipe.biz\/economia-circolare\/\"},{\"@type\":\"ListItem\",\"position\":2,\"name\":\"L&#8217;EPS si ricicla\"}]},{\"@type\":\"WebSite\",\"@id\":\"https:\/\/www.aipe.biz\/economia-circolare\/#website\",\"url\":\"https:\/\/www.aipe.biz\/economia-circolare\/\",\"name\":\"Economia Circolare\",\"description\":\"\",\"publisher\":{\"@id\":\"https:\/\/www.aipe.biz\/economia-circolare\/#organization\"},\"potentialAction\":[{\"@type\":\"SearchAction\",\"target\":{\"@type\":\"EntryPoint\",\"urlTemplate\":\"https:\/\/www.aipe.biz\/economia-circolare\/?s={search_term_string}\"},\"query-input\":\"required name=search_term_string\"}],\"inLanguage\":\"it-IT\"},{\"@type\":\"Organization\",\"@id\":\"https:\/\/www.aipe.biz\/economia-circolare\/#organization\",\"name\":\"Aipe Associazione Italiana Polistirene Espanso\",\"url\":\"https:\/\/www.aipe.biz\/economia-circolare\/\",\"sameAs\":[],\"logo\":{\"@type\":\"ImageObject\",\"inLanguage\":\"it-IT\",\"@id\":\"https:\/\/www.aipe.biz\/economia-circolare\/#\/schema\/logo\/image\/\",\"url\":\"https:\/\/www.aipe.biz\/economia-circolare\/wp-content\/uploads\/sites\/5\/2022\/05\/cropped-AIPE_logo02-1.png\",\"contentUrl\":\"https:\/\/www.aipe.biz\/economia-circolare\/wp-content\/uploads\/sites\/5\/2022\/05\/cropped-AIPE_logo02-1.png\",\"width\":743,\"height\":250,\"caption\":\"Aipe Associazione Italiana Polistirene Espanso\"},\"image\":{\"@id\":\"https:\/\/www.aipe.biz\/economia-circolare\/#\/schema\/logo\/image\/\"}}]}<\/script>\n<!-- \/ Yoast SEO plugin. -->","yoast_head_json":{"title":"L'EPS si ricicla - Economia Circolare","robots":{"index":"index","follow":"follow","max-snippet":"max-snippet:-1","max-image-preview":"max-image-preview:large","max-video-preview":"max-video-preview:-1"},"canonical":"https:\/\/www.aipe.biz\/economia-circolare\/leps-si-ricicla\/","og_locale":"it_IT","og_type":"article","og_title":"L'EPS si ricicla - Economia Circolare","og_description":"L\u2019IMPEGNO PER L&#8217;AMBIENTE: LA RACCOLTA E IL RICICLO DELL&#8217;EPS  AIPE da sempre attenta alle tematiche ambientali \u00e8 oggi impegnata concretamente a promuovere nuove iniziative sul territorio, mirate ad implementare e sostenere circolarit\u00e0 e sostenibilit\u00e0 dell\u2019EPS (Polistirene Espanso Sinterizzato) anche detto polistirolo; in particolare attraverso l\u2019avvio di nuovi progetti e circuiti a livello nazionale per fare in modo che i manufatti in EPS a fine utilizzo non siano pi\u00f9 raccolti con il rifiuto indifferenziato o il mix della plastica, Leggi tutto","og_url":"https:\/\/www.aipe.biz\/economia-circolare\/leps-si-ricicla\/","og_site_name":"Economia Circolare","article_modified_time":"2024-01-16T10:18:57+00:00","og_image":[{"url":"https:\/\/www.aipe.biz\/economia-circolare\/wp-content\/uploads\/sites\/5\/2022\/06\/AIPE_leps-si-ricicla.png"}],"twitter_card":"summary","twitter_misc":{"Tempo di lettura stimato":"5 minuti"},"schema":{"@context":"https:\/\/schema.org","@graph":[{"@type":"WebPage","@id":"https:\/\/www.aipe.biz\/economia-circolare\/leps-si-ricicla\/","url":"https:\/\/www.aipe.biz\/economia-circolare\/leps-si-ricicla\/","name":"L'EPS si ricicla - Economia Circolare","isPartOf":{"@id":"https:\/\/www.aipe.biz\/economia-circolare\/#website"},"datePublished":"2022-05-24T09:47:57+00:00","dateModified":"2024-01-16T10:18:57+00:00","breadcrumb":{"@id":"https:\/\/www.aipe.biz\/economia-circolare\/leps-si-ricicla\/#breadcrumb"},"inLanguage":"it-IT","potentialAction":[{"@type":"ReadAction","target":["https:\/\/www.aipe.biz\/economia-circolare\/leps-si-ricicla\/"]}]},{"@type":"BreadcrumbList","@id":"https:\/\/www.aipe.biz\/economia-circolare\/leps-si-ricicla\/#breadcrumb","itemListElement":[{"@type":"ListItem","position":1,"name":"Home","item":"https:\/\/www.aipe.biz\/economia-circolare\/"},{"@type":"ListItem","position":2,"name":"L&#8217;EPS si ricicla"}]},{"@type":"WebSite","@id":"https:\/\/www.aipe.biz\/economia-circolare\/#website","url":"https:\/\/www.aipe.biz\/economia-circolare\/","name":"Economia Circolare","description":"","publisher":{"@id":"https:\/\/www.aipe.biz\/economia-circolare\/#organization"},"potentialAction":[{"@type":"SearchAction","target":{"@type":"EntryPoint","urlTemplate":"https:\/\/www.aipe.biz\/economia-circolare\/?s={search_term_string}"},"query-input":"required name=search_term_string"}],"inLanguage":"it-IT"},{"@type":"Organization","@id":"https:\/\/www.aipe.biz\/economia-circolare\/#organization","name":"Aipe Associazione Italiana Polistirene Espanso","url":"https:\/\/www.aipe.biz\/economia-circolare\/","sameAs":[],"logo":{"@type":"ImageObject","inLanguage":"it-IT","@id":"https:\/\/www.aipe.biz\/economia-circolare\/#\/schema\/logo\/image\/","url":"https:\/\/www.aipe.biz\/economia-circolare\/wp-content\/uploads\/sites\/5\/2022\/05\/cropped-AIPE_logo02-1.png","contentUrl":"https:\/\/www.aipe.biz\/economia-circolare\/wp-content\/uploads\/sites\/5\/2022\/05\/cropped-AIPE_logo02-1.png","width":743,"height":250,"caption":"Aipe Associazione Italiana Polistirene Espanso"},"image":{"@id":"https:\/\/www.aipe.biz\/economia-circolare\/#\/schema\/logo\/image\/"}}]}},"_links":{"self":[{"href":"https:\/\/www.aipe.biz\/economia-circolare\/wp-json\/wp\/v2\/pages\/872"}],"collection":[{"href":"https:\/\/www.aipe.biz\/economia-circolare\/wp-json\/wp\/v2\/pages"}],"about":[{"href":"https:\/\/www.aipe.biz\/economia-circolare\/wp-json\/wp\/v2\/types\/page"}],"author":[{"embeddable":true,"href":"https:\/\/www.aipe.biz\/economia-circolare\/wp-json\/wp\/v2\/users\/108"}],"replies":[{"embeddable":true,"href":"https:\/\/www.aipe.biz\/economia-circolare\/wp-json\/wp\/v2\/comments?post=872"}],"version-history":[{"count":89,"href":"https:\/\/www.aipe.biz\/economia-circolare\/wp-json\/wp\/v2\/pages\/872\/revisions"}],"predecessor-version":[{"id":1515,"href":"https:\/\/www.aipe.biz\/economia-circolare\/wp-json\/wp\/v2\/pages\/872\/revisions\/1515"}],"wp:attachment":[{"href":"https:\/\/www.aipe.biz\/economia-circolare\/wp-json\/wp\/v2\/media?parent=872"}],"curies":[{"name":"wp","href":"https:\/\/api.w.org\/{rel}","templated":true}]}}