{"id":980,"date":"2022-05-26T14:41:42","date_gmt":"2022-05-26T12:41:42","guid":{"rendered":"https:\/\/demo.aipe.biz\/economia-circolare\/?page_id=980"},"modified":"2022-06-13T10:37:43","modified_gmt":"2022-06-13T08:37:43","slug":"la-raccolta-delleps-presso-le-gdo","status":"publish","type":"page","link":"https:\/\/www.aipe.biz\/economia-circolare\/la-raccolta-delleps-presso-le-gdo\/","title":{"rendered":"La raccolta dell&#8217;EPS presso le GDO"},"content":{"rendered":"\n<h3 style=\"font-size:24px\"><strong>L\u2019<\/strong><span style=\"font-size: 18pt;\"><strong>EPS<\/strong><\/span> <strong>DA RIFIUTO A RISORSA<\/strong>: <strong>LA RACCOLTA PRESSO LE GDO<\/strong><\/h3>\n\n\n\n<figure class=\"wp-block-image size-full\"><img loading=\"lazy\" width=\"1024\" height=\"445\" src=\"https:\/\/www.aipe.biz\/economia-circolare\/wp-content\/uploads\/sites\/5\/2022\/06\/AIPE_GDO.jpg\" alt=\"\" class=\"wp-image-1278\" srcset=\"https:\/\/www.aipe.biz\/economia-circolare\/wp-content\/uploads\/sites\/5\/2022\/06\/AIPE_GDO.jpg 1024w, https:\/\/www.aipe.biz\/economia-circolare\/wp-content\/uploads\/sites\/5\/2022\/06\/AIPE_GDO-300x130.jpg 300w, https:\/\/www.aipe.biz\/economia-circolare\/wp-content\/uploads\/sites\/5\/2022\/06\/AIPE_GDO-768x334.jpg 768w\" sizes=\"(max-width: 706px) 89vw, (max-width: 767px) 82vw, 740px\" \/><\/figure>\n\n\n\n<p style=\"font-size:19px\">AIPE \u00e8 impegnata da tempo ed attivamente in diverse iniziative per implementare la circolarit\u00e0 del polistirolo ed incrementarne l\u2019effettivo tasso di riciclo, in particolare attraverso la riorganizzazione di diversi circuiti di recupero e riciclo in essere con nuovi modelli di raccolta e selezione differenziata degli imballaggi in EPS a fine vita, e che hanno consentito la creazione di protocolli replicabili su tutto il territorio nazionale.<\/p>\n\n\n\n<p style=\"font-size:19px\">Proprio in questo contesto si inserisce il progetto <strong>\u201cL\u2019EPS si differenzia\u201d,<\/strong> realizzato in collaborazione con Fantambiente &#8211; societ\u00e0 di consulenza specializzate nell\u2019ambito di riciclo e tematiche ambientali &#8211; <strong>che si articola su due fronti o sotto-progetti: la distribuzione organizzata (GDO) e la raccolta urbana<\/strong> entrambi per la selezione, raccolta delle cassette o contenitori in EPS dopo l\u2019uso da avviare a riciclo.<\/p>\n\n\n\n<p style=\"font-size:22px\"><strong>LA COLLABORAZIONE CON L&#8217;INSEGNA CONAD<\/strong> <strong>PER LA RACCOLTA E IL RICICLO DELL&#8217;EPS<\/strong><\/p>\n\n\n\n<p style=\"font-size:19px\">Sul fronte della grande distribuzione sono stati coinvolti i punti vendita dell\u2019insegna CONAD &#8211; importante marchio GDO nel settore alimentare in alcune aree di interesse &#8211; classificandoli a seconda delle metrature: i Conad City (negozi di quartiere di piccole dimensioni), Superstore intorno a 1.000-1500 mq, Ipermercati e Spazio Conad, con superfici maggiori ed alcune PMI\/GDO del settore arredo ed elettrodomestici.<\/p>\n\n\n\n<p style=\"font-size:19px\">In particolare si \u00e8 proceduto all\u2019analisi dei flussi di fine vita degli imballaggi in EPS all\u2019interno di questi circuiti, dove si \u00e8 dovuto far fronte alla problematicit\u00e0 che ogni formato di negozio ha un suo sistema di raccolta dei rifiuti: dai container delle grandi superfici, ai sacchi dei piccoli store di quartiere e si \u00e8 trovato che l\u2019EPS non sempre veniva differenziato ma raccolto assieme alla plastica\/ingombrante mista.<\/p>\n\n\n\n<p style=\"font-size:19px\">Sono stati quindi messi a punto nuovi protocolli di selezione e raccolta dei rifiuti in EPS, proprio in funzione delle dimensioni del negozio, prevedendo dei contenitori dedicati per i manufatti in polistirolo dopo il loro utilizzo.<\/p>\n\n\n\n<p style=\"font-size:19px\">La raccolta di questi contenitori, una volta pieni, viene effettuata dagli operatori gi\u00e0 contrattualizzati per questi servizi dal singolo negozio, i quali &#8211; se non hanno le tecnologie per occuparsi anche del riciclo &#8211; lo conferiscono all\u2019azienda PEPS (piattaforma di raccolta e riciclo dell&#8217;EPS) pi\u00f9 vicina.<\/p>\n\n\n\n<p style=\"font-size:19px\">Il nuovo modello \u00e8 risultato essere vincente per tutti gli operatori: per i titolari dei negozi che possono risparmiare una quota della tassa sui rifiuti perch\u00e9 tolgono una componente dal rifiuto indifferenziato; per l\u2019operatore che recupera poich\u00e9 ha la possibilit\u00e0 di gestire un materiale di valore, ottenendo un risultato eccellente sia dal punto di vista ambientale che economico.\u00a0<\/p>\n\n\n\n<p style=\"font-size:19px\">In parallelo AIPE ha avviato un sistema di tracciabilit\u00e0 di quanto raccolto, attualmente cartaceo, ma in un secondo momento verr\u00e0 digitalizzato, per tracciare mese su mese le quantit\u00e0 raccolte.<\/p>\n\n\n\n<p style=\"font-size:19px\">Il tracciamento non \u00e8 facile perch\u00e9 tanti sono gli attori coinvolti: i soci AIPE, ma anche i non soci, le PEPS, i tagliatori, i riciclatori esterni, ma necessario per confermare alle Istituzioni che il polistirolo \u00e8 riciclabile e riciclato e per fare in modo che i target di riciclo fissati a livello nazionale e comunitario siano fattibili per le aziende, affinch\u00e9 possano sviluppare nuovi materiali con maggiore contenuto di riciclato.<\/p>\n","protected":false},"excerpt":{"rendered":"<p>L\u2019EPS DA RIFIUTO A RISORSA: LA RACCOLTA PRESSO LE GDO<\/p>\n<p><img loading=\"lazy\" width=\"1024\" height=\"445\" src=\"https:\/\/www.aipe.biz\/economia-circolare\/wp-content\/uploads\/sites\/5\/2022\/06\/AIPE_GDO.jpg\" alt=\"\" class=\"wp-image-1278\" srcset=\"https:\/\/www.aipe.biz\/economia-circolare\/wp-content\/uploads\/sites\/5\/2022\/06\/AIPE_GDO.jpg 1024w, https:\/\/www.aipe.biz\/economia-circolare\/wp-content\/uploads\/sites\/5\/2022\/06\/AIPE_GDO-300x130.jpg 300w, https:\/\/www.aipe.biz\/economia-circolare\/wp-content\/uploads\/sites\/5\/2022\/06\/AIPE_GDO-768x334.jpg 768w\" sizes=\"(max-width: 706px) 89vw, (max-width: 767px) 82vw, 740px\" \/><\/p>\n<p style=\"font-size:19px\">AIPE \u00e8 impegnata da tempo ed attivamente in diverse iniziative per implementare la circolarit\u00e0 del polistirolo ed incrementarne l\u2019effettivo tasso di riciclo, in particolare attraverso la riorganizzazione di diversi circuiti di recupero e riciclo in essere con nuovi modelli di raccolta e selezione differenziata degli imballaggi in EPS a fine vita,<\/p>\n<p> <a href=\"https:\/\/www.aipe.biz\/economia-circolare\/la-raccolta-delleps-presso-le-gdo\/\">Leggi tutto<\/a><\/p>\n","protected":false},"author":108,"featured_media":0,"parent":0,"menu_order":0,"comment_status":"closed","ping_status":"closed","template":"","meta":[],"acf":[],"yoast_head":"<!-- This site is optimized with the Yoast SEO plugin v19.7.1 - https:\/\/yoast.com\/wordpress\/plugins\/seo\/ -->\n<title>La raccolta dell&#039;EPS presso le GDO - Economia Circolare<\/title>\n<meta name=\"robots\" content=\"index, follow, max-snippet:-1, max-image-preview:large, max-video-preview:-1\" \/>\n<link rel=\"canonical\" href=\"https:\/\/www.aipe.biz\/economia-circolare\/la-raccolta-delleps-presso-le-gdo\/\" \/>\n<meta property=\"og:locale\" content=\"it_IT\" \/>\n<meta property=\"og:type\" content=\"article\" \/>\n<meta property=\"og:title\" content=\"La raccolta dell&#039;EPS presso le GDO - Economia Circolare\" \/>\n<meta property=\"og:description\" content=\"L\u2019EPS DA RIFIUTO A RISORSA: LA RACCOLTA PRESSO LE GDO    AIPE \u00e8 impegnata da tempo ed attivamente in diverse iniziative per implementare la circolarit\u00e0 del polistirolo ed incrementarne l\u2019effettivo tasso di riciclo, in particolare attraverso la riorganizzazione di diversi circuiti di recupero e riciclo in essere con nuovi modelli di raccolta e selezione differenziata degli imballaggi in EPS a fine vita, Leggi tutto\" \/>\n<meta property=\"og:url\" content=\"https:\/\/www.aipe.biz\/economia-circolare\/la-raccolta-delleps-presso-le-gdo\/\" \/>\n<meta property=\"og:site_name\" content=\"Economia Circolare\" \/>\n<meta property=\"article:modified_time\" content=\"2022-06-13T08:37:43+00:00\" \/>\n<meta property=\"og:image\" content=\"https:\/\/www.aipe.biz\/economia-circolare\/wp-content\/uploads\/sites\/5\/2022\/06\/AIPE_GDO.jpg\" \/>\n<meta name=\"twitter:card\" content=\"summary\" \/>\n<meta name=\"twitter:label1\" content=\"Tempo di lettura stimato\" \/>\n\t<meta name=\"twitter:data1\" content=\"3 minuti\" \/>\n<script type=\"application\/ld+json\" class=\"yoast-schema-graph\">{\"@context\":\"https:\/\/schema.org\",\"@graph\":[{\"@type\":\"WebPage\",\"@id\":\"https:\/\/www.aipe.biz\/economia-circolare\/la-raccolta-delleps-presso-le-gdo\/\",\"url\":\"https:\/\/www.aipe.biz\/economia-circolare\/la-raccolta-delleps-presso-le-gdo\/\",\"name\":\"La raccolta dell'EPS presso le GDO - Economia Circolare\",\"isPartOf\":{\"@id\":\"https:\/\/www.aipe.biz\/economia-circolare\/#website\"},\"datePublished\":\"2022-05-26T12:41:42+00:00\",\"dateModified\":\"2022-06-13T08:37:43+00:00\",\"breadcrumb\":{\"@id\":\"https:\/\/www.aipe.biz\/economia-circolare\/la-raccolta-delleps-presso-le-gdo\/#breadcrumb\"},\"inLanguage\":\"it-IT\",\"potentialAction\":[{\"@type\":\"ReadAction\",\"target\":[\"https:\/\/www.aipe.biz\/economia-circolare\/la-raccolta-delleps-presso-le-gdo\/\"]}]},{\"@type\":\"BreadcrumbList\",\"@id\":\"https:\/\/www.aipe.biz\/economia-circolare\/la-raccolta-delleps-presso-le-gdo\/#breadcrumb\",\"itemListElement\":[{\"@type\":\"ListItem\",\"position\":1,\"name\":\"Home\",\"item\":\"https:\/\/www.aipe.biz\/economia-circolare\/\"},{\"@type\":\"ListItem\",\"position\":2,\"name\":\"La raccolta dell&#8217;EPS presso le GDO\"}]},{\"@type\":\"WebSite\",\"@id\":\"https:\/\/www.aipe.biz\/economia-circolare\/#website\",\"url\":\"https:\/\/www.aipe.biz\/economia-circolare\/\",\"name\":\"Economia Circolare\",\"description\":\"\",\"publisher\":{\"@id\":\"https:\/\/www.aipe.biz\/economia-circolare\/#organization\"},\"potentialAction\":[{\"@type\":\"SearchAction\",\"target\":{\"@type\":\"EntryPoint\",\"urlTemplate\":\"https:\/\/www.aipe.biz\/economia-circolare\/?s={search_term_string}\"},\"query-input\":\"required name=search_term_string\"}],\"inLanguage\":\"it-IT\"},{\"@type\":\"Organization\",\"@id\":\"https:\/\/www.aipe.biz\/economia-circolare\/#organization\",\"name\":\"Aipe Associazione Italiana Polistirene Espanso\",\"url\":\"https:\/\/www.aipe.biz\/economia-circolare\/\",\"sameAs\":[],\"logo\":{\"@type\":\"ImageObject\",\"inLanguage\":\"it-IT\",\"@id\":\"https:\/\/www.aipe.biz\/economia-circolare\/#\/schema\/logo\/image\/\",\"url\":\"https:\/\/www.aipe.biz\/economia-circolare\/wp-content\/uploads\/sites\/5\/2022\/05\/cropped-AIPE_logo02-1.png\",\"contentUrl\":\"https:\/\/www.aipe.biz\/economia-circolare\/wp-content\/uploads\/sites\/5\/2022\/05\/cropped-AIPE_logo02-1.png\",\"width\":743,\"height\":250,\"caption\":\"Aipe Associazione Italiana Polistirene Espanso\"},\"image\":{\"@id\":\"https:\/\/www.aipe.biz\/economia-circolare\/#\/schema\/logo\/image\/\"}}]}<\/script>\n<!-- \/ Yoast SEO plugin. -->","yoast_head_json":{"title":"La raccolta dell'EPS presso le GDO - Economia Circolare","robots":{"index":"index","follow":"follow","max-snippet":"max-snippet:-1","max-image-preview":"max-image-preview:large","max-video-preview":"max-video-preview:-1"},"canonical":"https:\/\/www.aipe.biz\/economia-circolare\/la-raccolta-delleps-presso-le-gdo\/","og_locale":"it_IT","og_type":"article","og_title":"La raccolta dell'EPS presso le GDO - Economia Circolare","og_description":"L\u2019EPS DA RIFIUTO A RISORSA: LA RACCOLTA PRESSO LE GDO    AIPE \u00e8 impegnata da tempo ed attivamente in diverse iniziative per implementare la circolarit\u00e0 del polistirolo ed incrementarne l\u2019effettivo tasso di riciclo, in particolare attraverso la riorganizzazione di diversi circuiti di recupero e riciclo in essere con nuovi modelli di raccolta e selezione differenziata degli imballaggi in EPS a fine vita, Leggi tutto","og_url":"https:\/\/www.aipe.biz\/economia-circolare\/la-raccolta-delleps-presso-le-gdo\/","og_site_name":"Economia Circolare","article_modified_time":"2022-06-13T08:37:43+00:00","og_image":[{"url":"https:\/\/www.aipe.biz\/economia-circolare\/wp-content\/uploads\/sites\/5\/2022\/06\/AIPE_GDO.jpg"}],"twitter_card":"summary","twitter_misc":{"Tempo di lettura stimato":"3 minuti"},"schema":{"@context":"https:\/\/schema.org","@graph":[{"@type":"WebPage","@id":"https:\/\/www.aipe.biz\/economia-circolare\/la-raccolta-delleps-presso-le-gdo\/","url":"https:\/\/www.aipe.biz\/economia-circolare\/la-raccolta-delleps-presso-le-gdo\/","name":"La raccolta dell'EPS presso le GDO - Economia Circolare","isPartOf":{"@id":"https:\/\/www.aipe.biz\/economia-circolare\/#website"},"datePublished":"2022-05-26T12:41:42+00:00","dateModified":"2022-06-13T08:37:43+00:00","breadcrumb":{"@id":"https:\/\/www.aipe.biz\/economia-circolare\/la-raccolta-delleps-presso-le-gdo\/#breadcrumb"},"inLanguage":"it-IT","potentialAction":[{"@type":"ReadAction","target":["https:\/\/www.aipe.biz\/economia-circolare\/la-raccolta-delleps-presso-le-gdo\/"]}]},{"@type":"BreadcrumbList","@id":"https:\/\/www.aipe.biz\/economia-circolare\/la-raccolta-delleps-presso-le-gdo\/#breadcrumb","itemListElement":[{"@type":"ListItem","position":1,"name":"Home","item":"https:\/\/www.aipe.biz\/economia-circolare\/"},{"@type":"ListItem","position":2,"name":"La raccolta dell&#8217;EPS presso le GDO"}]},{"@type":"WebSite","@id":"https:\/\/www.aipe.biz\/economia-circolare\/#website","url":"https:\/\/www.aipe.biz\/economia-circolare\/","name":"Economia Circolare","description":"","publisher":{"@id":"https:\/\/www.aipe.biz\/economia-circolare\/#organization"},"potentialAction":[{"@type":"SearchAction","target":{"@type":"EntryPoint","urlTemplate":"https:\/\/www.aipe.biz\/economia-circolare\/?s={search_term_string}"},"query-input":"required name=search_term_string"}],"inLanguage":"it-IT"},{"@type":"Organization","@id":"https:\/\/www.aipe.biz\/economia-circolare\/#organization","name":"Aipe Associazione Italiana Polistirene Espanso","url":"https:\/\/www.aipe.biz\/economia-circolare\/","sameAs":[],"logo":{"@type":"ImageObject","inLanguage":"it-IT","@id":"https:\/\/www.aipe.biz\/economia-circolare\/#\/schema\/logo\/image\/","url":"https:\/\/www.aipe.biz\/economia-circolare\/wp-content\/uploads\/sites\/5\/2022\/05\/cropped-AIPE_logo02-1.png","contentUrl":"https:\/\/www.aipe.biz\/economia-circolare\/wp-content\/uploads\/sites\/5\/2022\/05\/cropped-AIPE_logo02-1.png","width":743,"height":250,"caption":"Aipe Associazione Italiana Polistirene Espanso"},"image":{"@id":"https:\/\/www.aipe.biz\/economia-circolare\/#\/schema\/logo\/image\/"}}]}},"_links":{"self":[{"href":"https:\/\/www.aipe.biz\/economia-circolare\/wp-json\/wp\/v2\/pages\/980"}],"collection":[{"href":"https:\/\/www.aipe.biz\/economia-circolare\/wp-json\/wp\/v2\/pages"}],"about":[{"href":"https:\/\/www.aipe.biz\/economia-circolare\/wp-json\/wp\/v2\/types\/page"}],"author":[{"embeddable":true,"href":"https:\/\/www.aipe.biz\/economia-circolare\/wp-json\/wp\/v2\/users\/108"}],"replies":[{"embeddable":true,"href":"https:\/\/www.aipe.biz\/economia-circolare\/wp-json\/wp\/v2\/comments?post=980"}],"version-history":[{"count":21,"href":"https:\/\/www.aipe.biz\/economia-circolare\/wp-json\/wp\/v2\/pages\/980\/revisions"}],"predecessor-version":[{"id":1333,"href":"https:\/\/www.aipe.biz\/economia-circolare\/wp-json\/wp\/v2\/pages\/980\/revisions\/1333"}],"wp:attachment":[{"href":"https:\/\/www.aipe.biz\/economia-circolare\/wp-json\/wp\/v2\/media?parent=980"}],"curies":[{"name":"wp","href":"https:\/\/api.w.org\/{rel}","templated":true}]}}